{"id":1101,"date":"2024-10-21T00:23:25","date_gmt":"2024-10-20T22:23:25","guid":{"rendered":"https:\/\/anariospeluqueria.es\/?post_type=product&#038;p=1101"},"modified":"2025-09-01T10:55:00","modified_gmt":"2025-09-01T08:55:00","slug":"tea-tree-special-champu-paul-mitchell-300ml","status":"publish","type":"product","link":"https:\/\/anariospeluqueria.es\/en\/product\/tea-tree-special-champu-paul-mitchell-300ml\/","title":{"rendered":"Tea tree special shampoo Paul Mitchell 300 ml"},"content":{"rendered":"<p>Shampoo. Invigorating shampoo suitable for all hair types. It&#039;s composed of Australian tea tree, lavender, and peppermint extracts that refresh, while Hawaiian Awapuhi botanical extracts hydrate and prevent hair dehydration. Aloe, jojoba, henna, and rosemary add shine. It contains wheat oil, vitamin E, which acts as a natural antioxidant, and panthenol to reduce split ends, add body and shine, and repair damaged hair. Apply to wet hair, massage in, and rinse.<\/p>","protected":false},"excerpt":{"rendered":"<p>shampoo. Champ\u00fa vigorizante adecuado para todo tipo de cabello. Est\u00e1 compuesto con extractos de \u00e1rbol de te australiano, lavanda y menta pip\u00e9rita que refrescan, los extractos bot\u00e1nicos del Awapuhi Hawaiiano hidratan y previenen la deshidrataci\u00f3n del cabello. El aloe, jojoba, henna y romero aportan brillo. Contiene aceite de trigo, vitamina E que act\u00faa como antioxidante [&hellip;]<\/p>","protected":false},"featured_media":1128,"comment_status":"open","ping_status":"closed","template":"","meta":{"inline_featured_image":false},"product_cat":[71],"product_tag":[],"class_list":{"0":"post-1101","1":"product","2":"type-product","3":"status-publish","4":"has-post-thumbnail","6":"product_cat-paul-mitchell","8":"first","9":"instock","10":"taxable","11":"shipping-taxable","12":"purchasable","13":"product-type-simple"},"_links":{"self":[{"href":"https:\/\/anariospeluqueria.es\/en\/wp-json\/wp\/v2\/product\/1101","targetHints":{"allow":["GET"]}}],"collection":[{"href":"https:\/\/anariospeluqueria.es\/en\/wp-json\/wp\/v2\/product"}],"about":[{"href":"https:\/\/anariospeluqueria.es\/en\/wp-json\/wp\/v2\/types\/product"}],"replies":[{"embeddable":true,"href":"https:\/\/anariospeluqueria.es\/en\/wp-json\/wp\/v2\/comments?post=1101"}],"wp:featuredmedia":[{"embeddable":true,"href":"https:\/\/anariospeluqueria.es\/en\/wp-json\/wp\/v2\/media\/1128"}],"wp:attachment":[{"href":"https:\/\/anariospeluqueria.es\/en\/wp-json\/wp\/v2\/media?parent=1101"}],"wp:term":[{"taxonomy":"product_cat","embeddable":true,"href":"https:\/\/anariospeluqueria.es\/en\/wp-json\/wp\/v2\/product_cat?post=1101"},{"taxonomy":"product_tag","embeddable":true,"href":"https:\/\/anariospeluqueria.es\/en\/wp-json\/wp\/v2\/product_tag?post=1101"}],"curies":[{"name":"wp","href":"https:\/\/api.w.org\/{rel}","templated":true}]}}