{"id":1105,"date":"2024-10-21T00:29:54","date_gmt":"2024-10-20T22:29:54","guid":{"rendered":"https:\/\/anariospeluqueria.es\/?post_type=product&#038;p=1105"},"modified":"2025-09-01T10:55:00","modified_gmt":"2025-09-01T08:55:00","slug":"olaplex-n4c","status":"publish","type":"product","link":"https:\/\/anariospeluqueria.es\/en\/product\/olaplex-n4c\/","title":{"rendered":"Olaplex No. 4C 250 ml"},"content":{"rendered":"<ul>\n<li>It is an advanced clarifying shampoo, powered by our Exclusive Broad Spectrum Clarifying System, that provides a powerful deep clean, removes buildup and impurities, clearing the way for healthier hair.<\/li>\n<li><\/li>\n<li>WHY YOU&#039;LL LOVE IT<\/li>\n<li><\/li>\n<li>Removes hard water minerals, chlorine, excess oil and product buildup.<\/li>\n<li>THIS EXCLUSIVE FORMULA DOES NOT DRY OUT HAIR, LEAVES HAIR SOFT, SHINY, VIBRANT AND FREE OF RESIDUE.<\/li>\n<li>Patented OLAPLEX Bond-Building Technology\u2122 formula to keep hair bonds strong.<\/li>\n<li>WHEN AND HOW WILL YOU USE IT?<\/li>\n<li><\/li>\n<li>Use weekly as part of a home cleansing routine. Also use before hair repair treatments to optimize performance.<br \/>\n<!--more--><\/li>\n<\/ul>","protected":false},"excerpt":{"rendered":"<p>Es un champ\u00fa clarificante avanzado, impulsado por nuestro Exclusivo Sistema Clarificante de Amplio Espectro, que brinda una poderosa limpieza profunda, elimina la acumulaci\u00f3n y las impurezas, despeja el camino para un cabello m\u00e1s saludable. POR QU\u00c9 TE ENCANTAR\u00c1 Remueve los minerales del agua dura, el cloro, el exceso de aceite y la acumulaci\u00f3n de productos. [&hellip;]<\/p>","protected":false},"featured_media":1241,"comment_status":"open","ping_status":"closed","template":"","meta":{"inline_featured_image":false},"product_cat":[72],"product_tag":[],"class_list":{"0":"post-1105","1":"product","2":"type-product","3":"status-publish","4":"has-post-thumbnail","6":"product_cat-olaplex","8":"first","9":"instock","10":"taxable","11":"shipping-taxable","12":"purchasable","13":"product-type-simple"},"_links":{"self":[{"href":"https:\/\/anariospeluqueria.es\/en\/wp-json\/wp\/v2\/product\/1105","targetHints":{"allow":["GET"]}}],"collection":[{"href":"https:\/\/anariospeluqueria.es\/en\/wp-json\/wp\/v2\/product"}],"about":[{"href":"https:\/\/anariospeluqueria.es\/en\/wp-json\/wp\/v2\/types\/product"}],"replies":[{"embeddable":true,"href":"https:\/\/anariospeluqueria.es\/en\/wp-json\/wp\/v2\/comments?post=1105"}],"wp:featuredmedia":[{"embeddable":true,"href":"https:\/\/anariospeluqueria.es\/en\/wp-json\/wp\/v2\/media\/1241"}],"wp:attachment":[{"href":"https:\/\/anariospeluqueria.es\/en\/wp-json\/wp\/v2\/media?parent=1105"}],"wp:term":[{"taxonomy":"product_cat","embeddable":true,"href":"https:\/\/anariospeluqueria.es\/en\/wp-json\/wp\/v2\/product_cat?post=1105"},{"taxonomy":"product_tag","embeddable":true,"href":"https:\/\/anariospeluqueria.es\/en\/wp-json\/wp\/v2\/product_tag?post=1105"}],"curies":[{"name":"wp","href":"https:\/\/api.w.org\/{rel}","templated":true}]}}