{"id":1118,"date":"2024-10-21T00:52:33","date_gmt":"2024-10-20T22:52:33","guid":{"rendered":"https:\/\/anariospeluqueria.es\/?post_type=product&#038;p=1118"},"modified":"2025-09-01T10:55:00","modified_gmt":"2025-09-01T08:55:00","slug":"salerm-21-tratamiento-capilar-250ml","status":"publish","type":"product","link":"https:\/\/anariospeluqueria.es\/en\/product\/salerm-21-tratamiento-capilar-250ml\/","title":{"rendered":"Salerm 21 hair treatment 250 ml"},"content":{"rendered":"<p>SALERM 21 silk protein leave-in conditioner by Salerm<\/p>\n<p>Leave-in conditioner and mask.<\/p>\n<ul>\n<li>Its excellent moisturizing formula, made with silk proteins, penetrates deep into the hair fiber to improve its condition from the first use. It provides the hair with shine, strength, flexibility and intense hydration, repairing damaged hair.<\/li>\n<li>It is also a perfect ally to protect hair from external agents such as the sun, sea salt and even chlorine in swimming pools.<\/li>\n<li>The result is immediate hydration of the hair, thus providing a visible improvement in feel and shine. No rinsing required.<br \/>\n<!--more--><\/li>\n<\/ul>","protected":false},"excerpt":{"rendered":"<p>SALERM 21 silk protein leave-in conditioner de Salerm Acondicionador y mascarilla sin aclarado. Su excelente f\u00f3rmula hidratante, elaborada con prote\u00ednas de seda, penetra hasta el interior de la fibra capilar para mejorar su estado desde su primer uso. \u00c9ste dota al cabello de brillo, fortaleza, flexibilidad y una intensa hidrataci\u00f3n, consiguiendo reparar el cabello da\u00f1ado. [&hellip;]<\/p>","protected":false},"featured_media":1136,"comment_status":"open","ping_status":"closed","template":"","meta":{"inline_featured_image":false},"product_cat":[87],"product_tag":[],"class_list":{"0":"post-1118","1":"product","2":"type-product","3":"status-publish","4":"has-post-thumbnail","6":"product_cat-salerm","8":"first","9":"outofstock","10":"taxable","11":"shipping-taxable","12":"purchasable","13":"product-type-simple"},"_links":{"self":[{"href":"https:\/\/anariospeluqueria.es\/en\/wp-json\/wp\/v2\/product\/1118","targetHints":{"allow":["GET"]}}],"collection":[{"href":"https:\/\/anariospeluqueria.es\/en\/wp-json\/wp\/v2\/product"}],"about":[{"href":"https:\/\/anariospeluqueria.es\/en\/wp-json\/wp\/v2\/types\/product"}],"replies":[{"embeddable":true,"href":"https:\/\/anariospeluqueria.es\/en\/wp-json\/wp\/v2\/comments?post=1118"}],"wp:featuredmedia":[{"embeddable":true,"href":"https:\/\/anariospeluqueria.es\/en\/wp-json\/wp\/v2\/media\/1136"}],"wp:attachment":[{"href":"https:\/\/anariospeluqueria.es\/en\/wp-json\/wp\/v2\/media?parent=1118"}],"wp:term":[{"taxonomy":"product_cat","embeddable":true,"href":"https:\/\/anariospeluqueria.es\/en\/wp-json\/wp\/v2\/product_cat?post=1118"},{"taxonomy":"product_tag","embeddable":true,"href":"https:\/\/anariospeluqueria.es\/en\/wp-json\/wp\/v2\/product_tag?post=1118"}],"curies":[{"name":"wp","href":"https:\/\/api.w.org\/{rel}","templated":true}]}}