{"id":1151,"date":"2024-10-21T14:03:13","date_gmt":"2024-10-21T12:03:13","guid":{"rendered":"https:\/\/anariospeluqueria.es\/?post_type=product&#038;p=1151"},"modified":"2025-09-27T03:19:38","modified_gmt":"2025-09-27T01:19:38","slug":"removedor-vello-facial","status":"publish","type":"product","link":"https:\/\/anariospeluqueria.es\/en\/product\/removedor-vello-facial\/","title":{"rendered":"Facial Hair Remover"},"content":{"rendered":"<p>Painless facial epilator for women, battery operated.<\/p>\n<p>Cuts hair from the root, quickly and effectively. Gently removes hair from fingers, cheeks, eyebrows, chin, upper lips, sideburns and neck safely, portable design<\/p>","protected":false},"excerpt":{"rendered":"<p>Depiladora facial mujer sin dolor, Funciona\u00a0 con pilas. Corta el vello de ra\u00edz, de forma rapida y eficaz. Elimina\u00a0 con suavidad el vello de los dedos, mejillas, cejas,\u00a0 ment\u00f3n, labios superior, patillas y cuello de forma segura, dise\u00f1o port\u00e1til<\/p>","protected":false},"featured_media":1152,"comment_status":"open","ping_status":"closed","template":"","meta":{"inline_featured_image":false},"product_cat":[65],"product_tag":[],"class_list":{"0":"post-1151","1":"product","2":"type-product","3":"status-publish","4":"has-post-thumbnail","6":"product_cat-productos-corporales","8":"first","9":"instock","10":"taxable","11":"shipping-taxable","12":"purchasable","13":"product-type-simple"},"_links":{"self":[{"href":"https:\/\/anariospeluqueria.es\/en\/wp-json\/wp\/v2\/product\/1151","targetHints":{"allow":["GET"]}}],"collection":[{"href":"https:\/\/anariospeluqueria.es\/en\/wp-json\/wp\/v2\/product"}],"about":[{"href":"https:\/\/anariospeluqueria.es\/en\/wp-json\/wp\/v2\/types\/product"}],"replies":[{"embeddable":true,"href":"https:\/\/anariospeluqueria.es\/en\/wp-json\/wp\/v2\/comments?post=1151"}],"wp:featuredmedia":[{"embeddable":true,"href":"https:\/\/anariospeluqueria.es\/en\/wp-json\/wp\/v2\/media\/1152"}],"wp:attachment":[{"href":"https:\/\/anariospeluqueria.es\/en\/wp-json\/wp\/v2\/media?parent=1151"}],"wp:term":[{"taxonomy":"product_cat","embeddable":true,"href":"https:\/\/anariospeluqueria.es\/en\/wp-json\/wp\/v2\/product_cat?post=1151"},{"taxonomy":"product_tag","embeddable":true,"href":"https:\/\/anariospeluqueria.es\/en\/wp-json\/wp\/v2\/product_tag?post=1151"}],"curies":[{"name":"wp","href":"https:\/\/api.w.org\/{rel}","templated":true}]}}