{"id":1203,"date":"2024-10-22T19:22:39","date_gmt":"2024-10-22T17:22:39","guid":{"rendered":"https:\/\/anariospeluqueria.es\/?post_type=product&#038;p=1203"},"modified":"2025-11-23T23:56:24","modified_gmt":"2025-11-23T22:56:24","slug":"vitaxil-champu-anticaida-330-ml","status":"publish","type":"product","link":"https:\/\/anariospeluqueria.es\/en\/product\/vitaxil-champu-anticaida-330-ml\/","title":{"rendered":"Vitaxil Anti-Hair Loss Shampoo 330 ml k89"},"content":{"rendered":"<p>Cleansing cream in the form of shampoo for the scalp, which causes a vasodilatory effect on the peripheral blood supply, while increasing the nutrition of the hair follicle and slowing hair loss.<\/p>\n<p>&nbsp;<\/p>\n<p><strong>ACTIVE INGREDIENTS:<\/strong><\/p>\n<p>Reconstructed plant placenta (wheat germ acids).<\/p>\n<p>Yeast extract with high regenerative capacity for the hair follicle.<\/p>\n<p><strong>CHARACTERISTICS:<\/strong><\/p>\n<p>Deeply cleanses the scalp.<\/p>\n<p>It provides a vasodilatory effect on peripheral blood circulation.<\/p>\n<p>It increases the nutrition of the bulb, making it thicker and slowing down its fall.<\/p>\n<p><strong>HOW TO USE:<\/strong><\/p>\n<p>Apply to wet hair, massage into a thick foam and rinse thoroughly.<\/p>\n<p>Format: 330 ml.<\/p>","protected":false},"excerpt":{"rendered":"<p>Crema limpiadora en forma de champ\u00fa, para el cuero cabelludo, que causa un efecto vasodilatador en el suministro de sangre perif\u00e9rica, al tiempo que aumenta la nutrici\u00f3n del fol\u00edculo piloso y ralentiza la ca\u00edda del cabello. &nbsp; PRINCIPIOS ACTIVOS: Placenta vegetal reconstruida (\u00e1cidos de germen de trigo). Extracto de levadura con alta capacidad regenerativa para [&hellip;]<\/p>","protected":false},"featured_media":1204,"comment_status":"open","ping_status":"closed","template":"","meta":{"inline_featured_image":false},"product_cat":[77],"product_tag":[],"class_list":{"0":"post-1203","1":"product","2":"type-product","3":"status-publish","4":"has-post-thumbnail","6":"product_cat-caballero","8":"first","9":"instock","10":"sale","11":"taxable","12":"shipping-taxable","13":"purchasable","14":"product-type-simple"},"_links":{"self":[{"href":"https:\/\/anariospeluqueria.es\/en\/wp-json\/wp\/v2\/product\/1203","targetHints":{"allow":["GET"]}}],"collection":[{"href":"https:\/\/anariospeluqueria.es\/en\/wp-json\/wp\/v2\/product"}],"about":[{"href":"https:\/\/anariospeluqueria.es\/en\/wp-json\/wp\/v2\/types\/product"}],"replies":[{"embeddable":true,"href":"https:\/\/anariospeluqueria.es\/en\/wp-json\/wp\/v2\/comments?post=1203"}],"wp:featuredmedia":[{"embeddable":true,"href":"https:\/\/anariospeluqueria.es\/en\/wp-json\/wp\/v2\/media\/1204"}],"wp:attachment":[{"href":"https:\/\/anariospeluqueria.es\/en\/wp-json\/wp\/v2\/media?parent=1203"}],"wp:term":[{"taxonomy":"product_cat","embeddable":true,"href":"https:\/\/anariospeluqueria.es\/en\/wp-json\/wp\/v2\/product_cat?post=1203"},{"taxonomy":"product_tag","embeddable":true,"href":"https:\/\/anariospeluqueria.es\/en\/wp-json\/wp\/v2\/product_tag?post=1203"}],"curies":[{"name":"wp","href":"https:\/\/api.w.org\/{rel}","templated":true}]}}