{"id":1205,"date":"2024-10-22T19:25:48","date_gmt":"2024-10-22T17:25:48","guid":{"rendered":"https:\/\/anariospeluqueria.es\/?post_type=product&#038;p=1205"},"modified":"2025-11-21T02:32:39","modified_gmt":"2025-11-21T01:32:39","slug":"sweet-finish-serum-50-ml","status":"publish","type":"product","link":"https:\/\/anariospeluqueria.es\/en\/product\/sweet-finish-serum-50-ml\/","title":{"rendered":"Sweet Finish Serum 50 ml k89"},"content":{"rendered":"<p>Sweet Finish Serum 50 ml:<\/p>\n<p>Leave-in treatment formulated with vitamin E and sunscreen, which protects hair from free radicals and the damage caused by ultraviolet radiation. It forms a very thin film over the hair cuticle, insulating it from external aggressions, smoothing it, and providing shine and softness.<\/p>\n<p><strong>ACTIVE INGREDIENTS:<\/strong><\/p>\n<p>Stem Cells: accelerate the process of hair regeneration and repair naturally<\/p>\n<p>&nbsp;<\/p>\n<p><strong>CHARACTERISTICS:<\/strong><\/p>\n<p>Silk Touch<\/p>\n<p>Hair fiber repair<\/p>\n<p>Increases brightness<\/p>\n<p>Better combability<\/p>\n<p>&nbsp;<\/p>\n<p><strong>HOW TO USE:<\/strong><\/p>\n<p>Use on damp or dry hair by applying a small amount to your fingertips, spreading evenly from mid-lengths to ends.<\/p>\n<p>&nbsp;<\/p>\n<p>Format: 50ml<\/p>","protected":false},"excerpt":{"rendered":"<p>S\u00e9rum Sweet Finish 50 ml: Tratamiento sin aclarado formulado con vitamina E y protector solar, que protege el cabello de los radicales libres y la agresi\u00f3n de la radiaci\u00f3n ultravioleta en la fibra capilar. Forma una fin\u00edsima pel\u00edcula sobre la cut\u00edcula del cabello, aisl\u00e1ndolo de las agresiones exteriores, alis\u00e1ndolo, aportando brillo y suavidad. PRINCIPIOS ACTIVOS: [&hellip;]<\/p>","protected":false},"featured_media":1206,"comment_status":"open","ping_status":"closed","template":"","meta":{"inline_featured_image":false},"product_cat":[70],"product_tag":[],"class_list":{"0":"post-1205","1":"product","2":"type-product","3":"status-publish","4":"has-post-thumbnail","6":"product_cat-k89","8":"first","9":"instock","10":"taxable","11":"shipping-taxable","12":"purchasable","13":"product-type-simple"},"_links":{"self":[{"href":"https:\/\/anariospeluqueria.es\/en\/wp-json\/wp\/v2\/product\/1205","targetHints":{"allow":["GET"]}}],"collection":[{"href":"https:\/\/anariospeluqueria.es\/en\/wp-json\/wp\/v2\/product"}],"about":[{"href":"https:\/\/anariospeluqueria.es\/en\/wp-json\/wp\/v2\/types\/product"}],"replies":[{"embeddable":true,"href":"https:\/\/anariospeluqueria.es\/en\/wp-json\/wp\/v2\/comments?post=1205"}],"wp:featuredmedia":[{"embeddable":true,"href":"https:\/\/anariospeluqueria.es\/en\/wp-json\/wp\/v2\/media\/1206"}],"wp:attachment":[{"href":"https:\/\/anariospeluqueria.es\/en\/wp-json\/wp\/v2\/media?parent=1205"}],"wp:term":[{"taxonomy":"product_cat","embeddable":true,"href":"https:\/\/anariospeluqueria.es\/en\/wp-json\/wp\/v2\/product_cat?post=1205"},{"taxonomy":"product_tag","embeddable":true,"href":"https:\/\/anariospeluqueria.es\/en\/wp-json\/wp\/v2\/product_tag?post=1205"}],"curies":[{"name":"wp","href":"https:\/\/api.w.org\/{rel}","templated":true}]}}