{"id":1209,"date":"2024-10-22T19:31:44","date_gmt":"2024-10-22T17:31:44","guid":{"rendered":"https:\/\/anariospeluqueria.es\/?post_type=product&#038;p=1209"},"modified":"2025-11-19T20:54:48","modified_gmt":"2025-11-19T19:54:48","slug":"espuma-pelo-rizado-fijacion-fuerte-200-ml","status":"publish","type":"product","link":"https:\/\/anariospeluqueria.es\/en\/product\/espuma-pelo-rizado-fijacion-fuerte-200-ml\/","title":{"rendered":"Strong Hold Curly Hair Mousse 200 ml k89"},"content":{"rendered":"<p>Strong foam that provides extra hold to the hair without weighing it down, ideal for longer lasting finishes.<\/p>\n<p><b>INCIS<\/b>: AQUA, ISOBUTANE, PVP, PROPANE, POLYQUATERNIUM-4, VINYL APROLACTAM\/VP\/DIMETHYLAMINOETHYL METHACRYLATE COPOLYMER, POLYQUATERNIUM-16, PEG-40 HYDROGENATED CASTOR OIL, OLETH-20, PARFUM, ETHYL MACADAMIATE, CETRIMONIUM CHLORIDE, GERANIOL, BUTANE, LINALOOL, CITRAL, LIMONENE, CITRONELLOL, LAURYL PYRROLIDONE, TOCOPHEROL, MALIC ACID.<\/p>\n<p><b>CHARACTERISTICS:<\/b><\/p>\n<p>High hold and definition.<\/p>\n<p>It does not weigh down<\/p>\n<p>Leaves no residue<\/p>\n<p><b>HOW TO USE:\u00a0<\/b>Shake before use with the bottle facing down. Place the desired amount in your hand and apply to damp hair in sections.<\/p>\n<p><b>RECOMMENDED FOR USE:<\/b><\/p>\n<p>Define curls with or without cast.<\/p>\n<p>More durable finish<\/p>\n<p>200ml format<\/p>","protected":false},"excerpt":{"rendered":"<p>Espuma fuerte que aporta una fijaci\u00f3n extra al cabello sin apelmazar, ideal para acabados m\u00e1s duraderos. INCIS: AQUA, ISOBUTANE, PVP, PROPANE, POLYQUATERNIUM-4, VINYL\u00a0 APROLACTAM\/VP\/DIMETHYLAMINOETHYL\u00a0 METHACRYLATE COPOLYMER, POLYQUATERNIUM-16, PEG-40\u00a0 HYDROGENATED CASTOR OIL, OLETH-20, PARFUM, ETHYL\u00a0 MACADAMIATE, CETRIMONIUM CHLORIDE,\u00a0 GERANIOL, BUTANE, LINALOOL, CITRAL, LIMONENE,\u00a0 CITRONELLOL, LAURYL PYRROLIDONE, TOCOPHEROL, MALIC ACID. CARACTER\u00cdSTICAS: Alta fijaci\u00f3n y definici\u00f3n. No apelmaza [&hellip;]<\/p>","protected":false},"featured_media":1210,"comment_status":"open","ping_status":"closed","template":"","meta":{"inline_featured_image":false},"product_cat":[77],"product_tag":[],"class_list":{"0":"post-1209","1":"product","2":"type-product","3":"status-publish","4":"has-post-thumbnail","6":"product_cat-caballero","8":"first","9":"instock","10":"taxable","11":"shipping-taxable","12":"purchasable","13":"product-type-simple"},"_links":{"self":[{"href":"https:\/\/anariospeluqueria.es\/en\/wp-json\/wp\/v2\/product\/1209","targetHints":{"allow":["GET"]}}],"collection":[{"href":"https:\/\/anariospeluqueria.es\/en\/wp-json\/wp\/v2\/product"}],"about":[{"href":"https:\/\/anariospeluqueria.es\/en\/wp-json\/wp\/v2\/types\/product"}],"replies":[{"embeddable":true,"href":"https:\/\/anariospeluqueria.es\/en\/wp-json\/wp\/v2\/comments?post=1209"}],"wp:featuredmedia":[{"embeddable":true,"href":"https:\/\/anariospeluqueria.es\/en\/wp-json\/wp\/v2\/media\/1210"}],"wp:attachment":[{"href":"https:\/\/anariospeluqueria.es\/en\/wp-json\/wp\/v2\/media?parent=1209"}],"wp:term":[{"taxonomy":"product_cat","embeddable":true,"href":"https:\/\/anariospeluqueria.es\/en\/wp-json\/wp\/v2\/product_cat?post=1209"},{"taxonomy":"product_tag","embeddable":true,"href":"https:\/\/anariospeluqueria.es\/en\/wp-json\/wp\/v2\/product_tag?post=1209"}],"curies":[{"name":"wp","href":"https:\/\/api.w.org\/{rel}","templated":true}]}}