{"id":1211,"date":"2024-10-22T19:36:24","date_gmt":"2024-10-22T17:36:24","guid":{"rendered":"https:\/\/anariospeluqueria.es\/?post_type=product&#038;p=1211"},"modified":"2025-09-01T10:55:02","modified_gmt":"2025-09-01T08:55:02","slug":"tea-tree-champu-hidratante-lavanda-paul-mitchell-300-ml","status":"publish","type":"product","link":"https:\/\/anariospeluqueria.es\/en\/product\/tea-tree-champu-hidratante-lavanda-paul-mitchell-300-ml\/","title":{"rendered":"Tea Tree Paul Mitchell Lavender Moisturizing Shampoo 300 ml"},"content":{"rendered":"<div class=\"et_pb_module et_pb_wc_description et_pb_wc_description_1_tb_body et_pb_bg_layout_light et_pb_text_align_justified\">\n<div class=\"et_pb_module_inner\">\n<p>What it does: Daily shampoo that cleanses, softens and moisturizes dry and unruly hair with a pleasant lavender fragrance.<\/p>\n<p>How it works: Water- and amino acid-rich conditioners provide strength, shine and manageability to hair, while lavender, mint and tea tree calm the mind and spirit.<\/p>\n<\/div>\n<\/div>","protected":false},"excerpt":{"rendered":"<p>Qu\u00e9 hace: Champ\u00fa de diario que limpia, suaviza e hidrata el cabello seco y rebelde con una agradable fragancia a lavanda. C\u00f3mo funciona: Sus acondicionadores ricos en agua y amino\u00e1cidos aportan fuerza, brillo y manejabilidad al cabello; mientras que la lavanda, la menta y el \u00e1rbol de t\u00e9 calman la mente y el esp\u00edritu.<\/p>","protected":false},"featured_media":1212,"comment_status":"open","ping_status":"closed","template":"","meta":{"inline_featured_image":false},"product_cat":[71],"product_tag":[],"class_list":{"0":"post-1211","1":"product","2":"type-product","3":"status-publish","4":"has-post-thumbnail","6":"product_cat-paul-mitchell","8":"first","9":"instock","10":"taxable","11":"shipping-taxable","12":"purchasable","13":"product-type-simple"},"_links":{"self":[{"href":"https:\/\/anariospeluqueria.es\/en\/wp-json\/wp\/v2\/product\/1211","targetHints":{"allow":["GET"]}}],"collection":[{"href":"https:\/\/anariospeluqueria.es\/en\/wp-json\/wp\/v2\/product"}],"about":[{"href":"https:\/\/anariospeluqueria.es\/en\/wp-json\/wp\/v2\/types\/product"}],"replies":[{"embeddable":true,"href":"https:\/\/anariospeluqueria.es\/en\/wp-json\/wp\/v2\/comments?post=1211"}],"wp:featuredmedia":[{"embeddable":true,"href":"https:\/\/anariospeluqueria.es\/en\/wp-json\/wp\/v2\/media\/1212"}],"wp:attachment":[{"href":"https:\/\/anariospeluqueria.es\/en\/wp-json\/wp\/v2\/media?parent=1211"}],"wp:term":[{"taxonomy":"product_cat","embeddable":true,"href":"https:\/\/anariospeluqueria.es\/en\/wp-json\/wp\/v2\/product_cat?post=1211"},{"taxonomy":"product_tag","embeddable":true,"href":"https:\/\/anariospeluqueria.es\/en\/wp-json\/wp\/v2\/product_tag?post=1211"}],"curies":[{"name":"wp","href":"https:\/\/api.w.org\/{rel}","templated":true}]}}