{"id":1224,"date":"2024-10-22T20:14:19","date_gmt":"2024-10-22T18:14:19","guid":{"rendered":"https:\/\/anariospeluqueria.es\/?post_type=product&#038;p=1224"},"modified":"2025-09-03T00:43:25","modified_gmt":"2025-09-02T22:43:25","slug":"acondicionador-color","status":"publish","type":"product","link":"https:\/\/anariospeluqueria.es\/en\/product\/acondicionador-color\/","title":{"rendered":"Indola Color Conditioner 1000 ml"},"content":{"rendered":"<p>INDOLA&#039;s Color Protect Conditioner, with vegan alternative keratin and a color-friendly pH of 4.5, detangles and smooths while helping to seal color in the hair to prevent color loss and achieve up to 90% color retention even after 30 washes*. For enhanced color intensity and high shine. Vegan formula**.<\/p>\n<ul>\n<li>Seals color in colored and damaged hair<\/li>\n<li>Non-caking consistency<\/li>\n<li>Detangles and smooths for a healthy-looking hair surface<\/li>\n<li>Helps protect hair from mechanical damage<\/li>\n<li>For visibly healthy hair with great shine<\/li>\n<li>Easy to rinse<\/li>\n<\/ul>\n<p>*When used as part of a comprehensive hair care treatment.<\/p>\n<p>**Free of ingredients of animal origin.<\/p>","protected":false},"excerpt":{"rendered":"<p>El Acondicionador Protector del Color de INDOLA, con queratina vegana alternativa y un valor de pH 4.5 respetuoso con el color, desenreda y suaviza mientras ayuda a sellar el color en el cabello para prevenir la p\u00e9rdida de color y conseguir una retenci\u00f3n de hasta el 90% del color incluso despu\u00e9s de 30 lavados*. Para [&hellip;]<\/p>","protected":false},"featured_media":1228,"comment_status":"open","ping_status":"closed","template":"","meta":{"inline_featured_image":false},"product_cat":[76],"product_tag":[],"class_list":{"0":"post-1224","1":"product","2":"type-product","3":"status-publish","4":"has-post-thumbnail","6":"product_cat-indola","8":"first","9":"instock","10":"taxable","11":"shipping-taxable","12":"purchasable","13":"product-type-simple"},"_links":{"self":[{"href":"https:\/\/anariospeluqueria.es\/en\/wp-json\/wp\/v2\/product\/1224","targetHints":{"allow":["GET"]}}],"collection":[{"href":"https:\/\/anariospeluqueria.es\/en\/wp-json\/wp\/v2\/product"}],"about":[{"href":"https:\/\/anariospeluqueria.es\/en\/wp-json\/wp\/v2\/types\/product"}],"replies":[{"embeddable":true,"href":"https:\/\/anariospeluqueria.es\/en\/wp-json\/wp\/v2\/comments?post=1224"}],"wp:featuredmedia":[{"embeddable":true,"href":"https:\/\/anariospeluqueria.es\/en\/wp-json\/wp\/v2\/media\/1228"}],"wp:attachment":[{"href":"https:\/\/anariospeluqueria.es\/en\/wp-json\/wp\/v2\/media?parent=1224"}],"wp:term":[{"taxonomy":"product_cat","embeddable":true,"href":"https:\/\/anariospeluqueria.es\/en\/wp-json\/wp\/v2\/product_cat?post=1224"},{"taxonomy":"product_tag","embeddable":true,"href":"https:\/\/anariospeluqueria.es\/en\/wp-json\/wp\/v2\/product_tag?post=1224"}],"curies":[{"name":"wp","href":"https:\/\/api.w.org\/{rel}","templated":true}]}}