{"id":1234,"date":"2024-10-23T11:19:22","date_gmt":"2024-10-23T09:19:22","guid":{"rendered":"https:\/\/anariospeluqueria.es\/?post_type=product&#038;p=1234"},"modified":"2025-09-01T10:55:02","modified_gmt":"2025-09-01T08:55:02","slug":"olaplex-n-5-acondicionador-mantenimiento","status":"publish","type":"product","link":"https:\/\/anariospeluqueria.es\/en\/product\/olaplex-n-5-acondicionador-mantenimiento\/","title":{"rendered":"Olaplex No. 5 Maintenance Conditioner 250 ml"},"content":{"rendered":"<p>This highly concentrated, nourishing conditioner repairs, strengthens, and hydrates hair prone to damage and dryness. From salon to shower, best-selling conditioner No. 5 leaves hair smooth and more manageable in minutes. Combine with No. 4 for softer, shinier, and healthier-looking hair with every wash. Color-safe.<\/p>\n<ul>\n<li>Moisturizes hair.<\/li>\n<li>Detangles and improves docility.<\/li>\n<li>Repairs and maintains healthy-looking hair.<\/li>\n<li>Safe for color-treated hair and sulfate-free.<strong>RESULTS OF THE STUDIES:<\/strong><br \/>\n91 % smoother, easier to detangle and conditioned<br \/>\n66 % breakage reduction<\/li>\n<li>How to use:<\/li>\n<li>Apply from mid-lengths to ends on clean hair after applying No. 4 Bond Maintenance\u00ae Shampoo.<\/li>\n<li>Let it act for 1-3 minutes.<\/li>\n<li>Rinse well.<strong>WHEN TO USE IT:<\/strong><br \/>\nUse it every time you wash your hair. Use it after No. 4 Bond Maintenance\u00ae Shampoo.<\/li>\n<li><\/li>\n<\/ul>","protected":false},"excerpt":{"rendered":"<p>Este acondicionador nutritivo muy concentrado repara, refuerza e hidrata el cabello propenso a los da\u00f1os y la sequedad. Desde el sal\u00f3n hasta la ducha, el superventas N\u00ba.5 deja el cabello liso y m\u00e1s d\u00f3cil en minutos. Comb\u00ednalo con N\u00ba.4 para conseguir un cabello m\u00e1s suave, m\u00e1s brillante y de aspecto m\u00e1s sano con cada lavado. [&hellip;]<\/p>","protected":false},"featured_media":1235,"comment_status":"open","ping_status":"closed","template":"","meta":{"inline_featured_image":false},"product_cat":[72],"product_tag":[],"class_list":{"0":"post-1234","1":"product","2":"type-product","3":"status-publish","4":"has-post-thumbnail","6":"product_cat-olaplex","8":"first","9":"instock","10":"taxable","11":"shipping-taxable","12":"purchasable","13":"product-type-simple"},"_links":{"self":[{"href":"https:\/\/anariospeluqueria.es\/en\/wp-json\/wp\/v2\/product\/1234","targetHints":{"allow":["GET"]}}],"collection":[{"href":"https:\/\/anariospeluqueria.es\/en\/wp-json\/wp\/v2\/product"}],"about":[{"href":"https:\/\/anariospeluqueria.es\/en\/wp-json\/wp\/v2\/types\/product"}],"replies":[{"embeddable":true,"href":"https:\/\/anariospeluqueria.es\/en\/wp-json\/wp\/v2\/comments?post=1234"}],"wp:featuredmedia":[{"embeddable":true,"href":"https:\/\/anariospeluqueria.es\/en\/wp-json\/wp\/v2\/media\/1235"}],"wp:attachment":[{"href":"https:\/\/anariospeluqueria.es\/en\/wp-json\/wp\/v2\/media?parent=1234"}],"wp:term":[{"taxonomy":"product_cat","embeddable":true,"href":"https:\/\/anariospeluqueria.es\/en\/wp-json\/wp\/v2\/product_cat?post=1234"},{"taxonomy":"product_tag","embeddable":true,"href":"https:\/\/anariospeluqueria.es\/en\/wp-json\/wp\/v2\/product_tag?post=1234"}],"curies":[{"name":"wp","href":"https:\/\/api.w.org\/{rel}","templated":true}]}}