{"id":1244,"date":"2024-10-23T11:38:24","date_gmt":"2024-10-23T09:38:24","guid":{"rendered":"https:\/\/anariospeluqueria.es\/?post_type=product&#038;p=1244"},"modified":"2025-12-26T22:06:31","modified_gmt":"2025-12-26T21:06:31","slug":"gel-de-rizos-hair-expert","status":"publish","type":"product","link":"https:\/\/anariospeluqueria.es\/en\/product\/gel-de-rizos-hair-expert\/","title":{"rendered":"Hair Expert k89 Curling Gel"},"content":{"rendered":"<div>Curly Hair Gel curl definer that provides instant hydration, hold and shine. Creates the cast and helps control frizz.<\/div>\n<div><strong>\u00a0<\/strong><\/div>\n<div><strong>INCIS:<\/strong><\/div>\n<div>AQUA, VP\/VA COPOLYMER, GLYCERIN, POLYQUATERNIUM-28, ARGANIA SPINOSA KERNEL OIL, ETHYLHEXYLGLYCERIN, CAPRYLYL GLYCOL, PARFUM, CARBOMER, TRIETHANOLAMINE, PHENOXYETHANOL, CI 16255, GERANIOL, LINALOOL, CITRAL, LIMONENE, CITRONELLOL.<\/div>\n<div><strong>\u00a0<\/strong><\/div>\n<div><strong>CHARACTERISTICS:<\/strong><\/div>\n<div>High hold and definition.<\/div>\n<div>Provides hydration.<\/div>\n<div><strong>\u00a0<\/strong><\/div>\n<div><strong>HOW TO USE:<\/strong><\/div>\n<div>Apply evenly to damp hair and proceed to air dry or blow dry.<\/div>\n<div><strong>\u00a0<\/strong><\/div>\n<div><strong>RECOMMENDED FOR USE:<\/strong><\/div>\n<div>Very defined curls.<\/div>\n<div>To achieve cast effect.<\/div>","protected":false},"excerpt":{"rendered":"<p>Gel Curly Hair definidor de rizos que aporta hidrataci\u00f3n, fijaci\u00f3n y brillo al instante. Crea el cast y ayuda a controlar el frizz. \u00a0 INCIS: AQUA, VP\/VA COPOLYMER, GLYCERIN, POLYQUATERNIUM-28, ARGANIA SPINOSA KERNEL OIL, ETHYLHEXYLGLYCERIN, CAPRYLYL GLYCOL, PARFUM, CARBOMER, TRIETHANOLAMINE, PHENOXYETHANOL, CI 16255, GERANIOL, LINALOOL, CITRAL, LIMONENE, CITRONELLOL. \u00a0 CARACTER\u00cdSTICAS: Alta fijaci\u00f3n y definici\u00f3n. Aporta [&hellip;]<\/p>","protected":false},"featured_media":1245,"comment_status":"open","ping_status":"closed","template":"","meta":{"inline_featured_image":false},"product_cat":[70],"product_tag":[],"class_list":{"0":"post-1244","1":"product","2":"type-product","3":"status-publish","4":"has-post-thumbnail","6":"product_cat-k89","8":"first","9":"instock","10":"taxable","11":"shipping-taxable","12":"purchasable","13":"product-type-simple"},"_links":{"self":[{"href":"https:\/\/anariospeluqueria.es\/en\/wp-json\/wp\/v2\/product\/1244","targetHints":{"allow":["GET"]}}],"collection":[{"href":"https:\/\/anariospeluqueria.es\/en\/wp-json\/wp\/v2\/product"}],"about":[{"href":"https:\/\/anariospeluqueria.es\/en\/wp-json\/wp\/v2\/types\/product"}],"replies":[{"embeddable":true,"href":"https:\/\/anariospeluqueria.es\/en\/wp-json\/wp\/v2\/comments?post=1244"}],"wp:featuredmedia":[{"embeddable":true,"href":"https:\/\/anariospeluqueria.es\/en\/wp-json\/wp\/v2\/media\/1245"}],"wp:attachment":[{"href":"https:\/\/anariospeluqueria.es\/en\/wp-json\/wp\/v2\/media?parent=1244"}],"wp:term":[{"taxonomy":"product_cat","embeddable":true,"href":"https:\/\/anariospeluqueria.es\/en\/wp-json\/wp\/v2\/product_cat?post=1244"},{"taxonomy":"product_tag","embeddable":true,"href":"https:\/\/anariospeluqueria.es\/en\/wp-json\/wp\/v2\/product_tag?post=1244"}],"curies":[{"name":"wp","href":"https:\/\/api.w.org\/{rel}","templated":true}]}}