{"id":1246,"date":"2024-10-23T11:46:02","date_gmt":"2024-10-23T09:46:02","guid":{"rendered":"https:\/\/anariospeluqueria.es\/?post_type=product&#038;p=1246"},"modified":"2025-09-01T10:55:02","modified_gmt":"2025-09-01T08:55:02","slug":"sweet-finish-crema-de-rizos-150-ml","status":"publish","type":"product","link":"https:\/\/anariospeluqueria.es\/en\/product\/sweet-finish-crema-de-rizos-150-ml\/","title":{"rendered":"Sweet Finish Curl Cream 150 ml k89"},"content":{"rendered":"<p>Curl cream that defines and controls curly and wavy hair. Styles hair while deeply moisturizing.<\/p>\n<p><strong>ACTIVE INGREDIENTS:<\/strong><\/p>\n<p>Sunflower seed: High content of vitamin E and essential vitamins<\/p>\n<p>Citric Acid: Removes moisture from the hair, providing shine<\/p>\n<p><strong>CHARACTERISTICS<\/strong><strong>:<\/strong><\/p>\n<p>Deeply hydrates<\/p>\n<p>Strong hold<\/p>\n<p>Shapes hair without weighing it down<\/p>\n<p>Controls humidity<\/p>\n<p>No rinsing required<\/p>\n<p><strong>HOW TO USE:<\/strong><\/p>\n<p>Apply to damp hair and dry as desired. Can be applied to dry hair to hydrate curls and control frizz.<\/p>\n<p>Format: 150ml<\/p>","protected":false},"excerpt":{"rendered":"<p>Crema de rizos que define y controla el cabello rizado y ondulado. Da estilo al cabello hidratando en profundidad. PRINCIPIOS ACTIVOS: Semilla de girasol: Gran contenido de vitamina E y vitaminas esenciales \u00c1cido C\u00edtrico: Elimina la humedad del cabello, aportando brillo CARACTER\u00cdSTICAS: Hidrata en profundidad Fijaci\u00f3n fuerte Moldea el cabello sin aportar peso Controla la [&hellip;]<\/p>","protected":false},"featured_media":1248,"comment_status":"open","ping_status":"closed","template":"","meta":{"inline_featured_image":false},"product_cat":[70],"product_tag":[],"class_list":{"0":"post-1246","1":"product","2":"type-product","3":"status-publish","4":"has-post-thumbnail","6":"product_cat-k89","8":"first","9":"instock","10":"taxable","11":"shipping-taxable","12":"purchasable","13":"product-type-simple"},"_links":{"self":[{"href":"https:\/\/anariospeluqueria.es\/en\/wp-json\/wp\/v2\/product\/1246","targetHints":{"allow":["GET"]}}],"collection":[{"href":"https:\/\/anariospeluqueria.es\/en\/wp-json\/wp\/v2\/product"}],"about":[{"href":"https:\/\/anariospeluqueria.es\/en\/wp-json\/wp\/v2\/types\/product"}],"replies":[{"embeddable":true,"href":"https:\/\/anariospeluqueria.es\/en\/wp-json\/wp\/v2\/comments?post=1246"}],"wp:featuredmedia":[{"embeddable":true,"href":"https:\/\/anariospeluqueria.es\/en\/wp-json\/wp\/v2\/media\/1248"}],"wp:attachment":[{"href":"https:\/\/anariospeluqueria.es\/en\/wp-json\/wp\/v2\/media?parent=1246"}],"wp:term":[{"taxonomy":"product_cat","embeddable":true,"href":"https:\/\/anariospeluqueria.es\/en\/wp-json\/wp\/v2\/product_cat?post=1246"},{"taxonomy":"product_tag","embeddable":true,"href":"https:\/\/anariospeluqueria.es\/en\/wp-json\/wp\/v2\/product_tag?post=1246"}],"curies":[{"name":"wp","href":"https:\/\/api.w.org\/{rel}","templated":true}]}}