{"id":1289,"date":"2024-10-24T11:23:09","date_gmt":"2024-10-24T09:23:09","guid":{"rendered":"https:\/\/anariospeluqueria.es\/?post_type=product&#038;p=1289"},"modified":"2025-09-01T10:55:04","modified_gmt":"2025-09-01T08:55:04","slug":"acondicionador-repair-300-ml","status":"publish","type":"product","link":"https:\/\/anariospeluqueria.es\/en\/product\/acondicionador-repair-300-ml\/","title":{"rendered":"Indola Repair Shampoo 300 ml"},"content":{"rendered":"<p>INDOLA&#039;s Repairing Shampoo, with vegan alternative keratin, cleanses and nourishes damaged and porous hair while protecting it from breakage by up to 95%*. For internally strong, resilient hair with a healthy, shiny appearance. Vegan formula**.<\/p>\n<ul>\n<li>Intensive and luxurious formula<\/li>\n<li>Cleanses and nourishes damaged and porous hair<\/li>\n<li>Provides softness and shine<\/li>\n<li>Facilitates combing without weighing down the hair<\/li>\n<li>Restores internal strength and elasticity to hair<\/li>\n<li>Suitable for daily use<\/li>\n<\/ul>\n<p>*When used in conjunction with INDOLA Repair Conditioner or other Treatments.<\/p>\n<p>**Free of ingredients of animal origin.<\/p>","protected":false},"excerpt":{"rendered":"<p>El Champ\u00fa Reparador de INDOLA, con queratina vegana alternativa, Limpia y nutre el cabello da\u00f1ado y poroso mientras protege el cabello frente a la rotura hasta en un 95%*. Para un cabello fuerte internamente, con elasticidad y un aspecto sano y brillante. F\u00f3rmula vegana**. F\u00f3rmula intensiva y de lujo Limpia y nutre el cabello da\u00f1ado [&hellip;]<\/p>","protected":false},"featured_media":1290,"comment_status":"open","ping_status":"closed","template":"","meta":{"inline_featured_image":false},"product_cat":[76],"product_tag":[],"class_list":{"0":"post-1289","1":"product","2":"type-product","3":"status-publish","4":"has-post-thumbnail","6":"product_cat-indola","8":"first","9":"instock","10":"taxable","11":"shipping-taxable","12":"purchasable","13":"product-type-simple"},"_links":{"self":[{"href":"https:\/\/anariospeluqueria.es\/en\/wp-json\/wp\/v2\/product\/1289","targetHints":{"allow":["GET"]}}],"collection":[{"href":"https:\/\/anariospeluqueria.es\/en\/wp-json\/wp\/v2\/product"}],"about":[{"href":"https:\/\/anariospeluqueria.es\/en\/wp-json\/wp\/v2\/types\/product"}],"replies":[{"embeddable":true,"href":"https:\/\/anariospeluqueria.es\/en\/wp-json\/wp\/v2\/comments?post=1289"}],"wp:featuredmedia":[{"embeddable":true,"href":"https:\/\/anariospeluqueria.es\/en\/wp-json\/wp\/v2\/media\/1290"}],"wp:attachment":[{"href":"https:\/\/anariospeluqueria.es\/en\/wp-json\/wp\/v2\/media?parent=1289"}],"wp:term":[{"taxonomy":"product_cat","embeddable":true,"href":"https:\/\/anariospeluqueria.es\/en\/wp-json\/wp\/v2\/product_cat?post=1289"},{"taxonomy":"product_tag","embeddable":true,"href":"https:\/\/anariospeluqueria.es\/en\/wp-json\/wp\/v2\/product_tag?post=1289"}],"curies":[{"name":"wp","href":"https:\/\/api.w.org\/{rel}","templated":true}]}}