{"id":1291,"date":"2024-10-24T11:28:57","date_gmt":"2024-10-24T09:28:57","guid":{"rendered":"https:\/\/anariospeluqueria.es\/?post_type=product&#038;p=1291"},"modified":"2025-11-19T20:54:17","modified_gmt":"2025-11-19T19:54:17","slug":"champu-activador-de-raices-300-ml","status":"publish","type":"product","link":"https:\/\/anariospeluqueria.es\/en\/product\/champu-activador-de-raices-300-ml\/","title":{"rendered":"Root Activating Shampoo 300 ml indola"},"content":{"rendered":"<p>The first step of the INDOLA Root Activator System is the Shampoo that reduces hair loss* after 6 weeks of continuous use. This shampoo contains taurine and carnitine to cleanse and stimulate the roots and scalp, providing energizing nutrients to the hair follicles to strengthen them. For perfectly activated hair and scalp. Vegan formula**.<\/p>\n<ul>\n<li>First step to reduce non-pathological hair loss<\/li>\n<li>Cleanses while stimulating the roots<\/li>\n<li>Fortifies fragile hair<\/li>\n<li>Provides highly energetic nutrients to the hair follicle<\/li>\n<li>For all hair types<\/li>\n<li>Suitable for daily use<\/li>\n<\/ul>\n<p>*Non-pathological hair loss.<\/p>\n<p>** When the Root Activating Shampoo is applied together with the Root Activating Lotion.<\/p>\n<p>***Free of ingredients of animal origin.<\/p>","protected":false},"excerpt":{"rendered":"<p>El primer paso del Sistema Activador de Ra\u00edces de INDOLA es el Champ\u00fa que reduce la ca\u00edda del cabello* tras 6 semanas de uso continuado. Champ\u00fa con taurina y carnitina para limpiar y estimular las ra\u00edces en el cuero cabelludo proporcionando nutrientes energ\u00e9ticos a los fol\u00edculos del cabello para fortificarlo. Para un cabello y cuero [&hellip;]<\/p>","protected":false},"featured_media":1292,"comment_status":"open","ping_status":"closed","template":"","meta":{"inline_featured_image":false},"product_cat":[76],"product_tag":[],"class_list":{"0":"post-1291","1":"product","2":"type-product","3":"status-publish","4":"has-post-thumbnail","6":"product_cat-indola","8":"first","9":"instock","10":"taxable","11":"shipping-taxable","12":"purchasable","13":"product-type-simple"},"_links":{"self":[{"href":"https:\/\/anariospeluqueria.es\/en\/wp-json\/wp\/v2\/product\/1291","targetHints":{"allow":["GET"]}}],"collection":[{"href":"https:\/\/anariospeluqueria.es\/en\/wp-json\/wp\/v2\/product"}],"about":[{"href":"https:\/\/anariospeluqueria.es\/en\/wp-json\/wp\/v2\/types\/product"}],"replies":[{"embeddable":true,"href":"https:\/\/anariospeluqueria.es\/en\/wp-json\/wp\/v2\/comments?post=1291"}],"wp:featuredmedia":[{"embeddable":true,"href":"https:\/\/anariospeluqueria.es\/en\/wp-json\/wp\/v2\/media\/1292"}],"wp:attachment":[{"href":"https:\/\/anariospeluqueria.es\/en\/wp-json\/wp\/v2\/media?parent=1291"}],"wp:term":[{"taxonomy":"product_cat","embeddable":true,"href":"https:\/\/anariospeluqueria.es\/en\/wp-json\/wp\/v2\/product_cat?post=1291"},{"taxonomy":"product_tag","embeddable":true,"href":"https:\/\/anariospeluqueria.es\/en\/wp-json\/wp\/v2\/product_tag?post=1291"}],"curies":[{"name":"wp","href":"https:\/\/api.w.org\/{rel}","templated":true}]}}