{"id":1297,"date":"2024-10-24T11:44:04","date_gmt":"2024-10-24T09:44:04","guid":{"rendered":"https:\/\/anariospeluqueria.es\/?post_type=product&#038;p=1297"},"modified":"2026-03-24T23:14:17","modified_gmt":"2026-03-24T22:14:17","slug":"champu-pelo-seco","status":"publish","type":"product","link":"https:\/\/anariospeluqueria.es\/en\/product\/champu-pelo-seco\/","title":{"rendered":"Togethair Dry Shampoo"},"content":{"rendered":"<p>TogetHair Dry Shampoo, a dry shampoo based on Phytokeratin\u2122, designed to refresh and cleanse all hair types without the need for water.<\/p>\n<p>Its formula with tapioca starch absorbs excess sebum, instantly adds body, and doesn&#039;t weigh hair down, leaving it smelling like it&#039;s been washed.<\/p>\n<h3>Format<\/h3>\n<p>250 ml<\/p>","protected":false},"excerpt":{"rendered":"<p>TogetHair Champ\u00fa en Seco Dry Shampoo, champ\u00fa en seco a base de Phytokeratin\u2122, pensado para refrescar y limpiar todo tipo de cabellos sin necesidad de agua. Su f\u00f3rmula con almid\u00f3n de tapioca absorbe el exceso de sebo, da cuerpo de forma inmediata y no apelmaza el cabello, que oler\u00e1 como si se hubiese lavado. Formato [&hellip;]<\/p>","protected":false},"featured_media":1298,"comment_status":"open","ping_status":"closed","template":"","meta":{"inline_featured_image":false},"product_cat":[78],"product_tag":[],"class_list":{"0":"post-1297","1":"product","2":"type-product","3":"status-publish","4":"has-post-thumbnail","6":"product_cat-togethair","8":"first","9":"instock","10":"taxable","11":"shipping-taxable","12":"purchasable","13":"product-type-simple"},"_links":{"self":[{"href":"https:\/\/anariospeluqueria.es\/en\/wp-json\/wp\/v2\/product\/1297","targetHints":{"allow":["GET"]}}],"collection":[{"href":"https:\/\/anariospeluqueria.es\/en\/wp-json\/wp\/v2\/product"}],"about":[{"href":"https:\/\/anariospeluqueria.es\/en\/wp-json\/wp\/v2\/types\/product"}],"replies":[{"embeddable":true,"href":"https:\/\/anariospeluqueria.es\/en\/wp-json\/wp\/v2\/comments?post=1297"}],"wp:featuredmedia":[{"embeddable":true,"href":"https:\/\/anariospeluqueria.es\/en\/wp-json\/wp\/v2\/media\/1298"}],"wp:attachment":[{"href":"https:\/\/anariospeluqueria.es\/en\/wp-json\/wp\/v2\/media?parent=1297"}],"wp:term":[{"taxonomy":"product_cat","embeddable":true,"href":"https:\/\/anariospeluqueria.es\/en\/wp-json\/wp\/v2\/product_cat?post=1297"},{"taxonomy":"product_tag","embeddable":true,"href":"https:\/\/anariospeluqueria.es\/en\/wp-json\/wp\/v2\/product_tag?post=1297"}],"curies":[{"name":"wp","href":"https:\/\/api.w.org\/{rel}","templated":true}]}}