{"id":1393,"date":"2024-10-28T11:04:40","date_gmt":"2024-10-28T10:04:40","guid":{"rendered":"https:\/\/anariospeluqueria.es\/?post_type=product&#038;p=1393"},"modified":"2025-09-01T10:55:04","modified_gmt":"2025-09-01T08:55:04","slug":"champu-regenerador-prodige-250-ml","status":"publish","type":"product","link":"https:\/\/anariospeluqueria.es\/en\/product\/champu-regenerador-prodige-250-ml\/","title":{"rendered":"Prodige Regenerating Shampoo 250 ml medavita"},"content":{"rendered":"<p>Shampoo that regenerates and transforms hair fibers into ultra-silky hair. Gently cleanses while intensely nourishing and repairing the structure of stressed hair, restoring its strength and natural shine. Contains Lifesaver Liposome (Leucine, Isoleucine, Valine, hydrolyzed spelt proteins, Creatine), Ciperus, Sacha Inci, Linseed, Sesame, and Moringa oils, and Panthenol.<br \/>\nApply evenly to hair and massage gently. Rinse well. Remove excess water and continue treatment with PRODIGE Instant Magnifying Serum.<\/p>","protected":false},"excerpt":{"rendered":"<p>Champ\u00fa que regenera y convierte la fibra capilar ultra sedosa. Limpia suavemente mientras nutre y repara intensamente la estructura del cabello estresado, restaurando su fuerza y brillo natural. Contiene Lifesaver Liposome (Leucina, Isoleucina, Valina, prote\u00ednas hidrolizadas de Espelta, Creatina), C\u00edpero, Sacha inci, aceites de Linaza, S\u00e9samo y Moringa y Pantenol. Aplicar uniformemente en el cabello, [&hellip;]<\/p>","protected":false},"featured_media":1448,"comment_status":"open","ping_status":"closed","template":"","meta":{"inline_featured_image":false},"product_cat":[63],"product_tag":[],"class_list":{"0":"post-1393","1":"product","2":"type-product","3":"status-publish","4":"has-post-thumbnail","6":"product_cat-medavita","8":"first","9":"instock","10":"taxable","11":"shipping-taxable","12":"purchasable","13":"product-type-simple"},"_links":{"self":[{"href":"https:\/\/anariospeluqueria.es\/en\/wp-json\/wp\/v2\/product\/1393","targetHints":{"allow":["GET"]}}],"collection":[{"href":"https:\/\/anariospeluqueria.es\/en\/wp-json\/wp\/v2\/product"}],"about":[{"href":"https:\/\/anariospeluqueria.es\/en\/wp-json\/wp\/v2\/types\/product"}],"replies":[{"embeddable":true,"href":"https:\/\/anariospeluqueria.es\/en\/wp-json\/wp\/v2\/comments?post=1393"}],"wp:featuredmedia":[{"embeddable":true,"href":"https:\/\/anariospeluqueria.es\/en\/wp-json\/wp\/v2\/media\/1448"}],"wp:attachment":[{"href":"https:\/\/anariospeluqueria.es\/en\/wp-json\/wp\/v2\/media?parent=1393"}],"wp:term":[{"taxonomy":"product_cat","embeddable":true,"href":"https:\/\/anariospeluqueria.es\/en\/wp-json\/wp\/v2\/product_cat?post=1393"},{"taxonomy":"product_tag","embeddable":true,"href":"https:\/\/anariospeluqueria.es\/en\/wp-json\/wp\/v2\/product_tag?post=1393"}],"curies":[{"name":"wp","href":"https:\/\/api.w.org\/{rel}","templated":true}]}}