{"id":1405,"date":"2024-10-28T11:45:42","date_gmt":"2024-10-28T10:45:42","guid":{"rendered":"https:\/\/anariospeluqueria.es\/?post_type=product&#038;p=1405"},"modified":"2025-09-01T10:55:04","modified_gmt":"2025-09-01T08:55:04","slug":"serum-cabello-brillante-50-ml","status":"publish","type":"product","link":"https:\/\/anariospeluqueria.es\/en\/product\/serum-cabello-brillante-50-ml\/","title":{"rendered":"nutrisustance illuminating elixir 50 ml medavita"},"content":{"rendered":"<h2>Description<\/h2>\n<p>Illuminating \u2013 Protective \u2013 Velvety \u2013 Film-forming \u2013 Leaves no residue<br \/>\n<em><strong>SPECIFIC USE:<\/strong><\/em><br \/>\nNutrition finish.<br \/>\n<em><strong>BENEFIT:<\/strong><\/em><br \/>\nIlluminating and nourishing drops with an extraordinary brightening effect.<br \/>\n<em><strong>ACTION:<\/strong><\/em><br \/>\nProvides softness and radiance. Its fast-absorbing, traceless texture provides exceptional shine and silkiness, concealing split ends. It provides manageability and style retention even for the frizziest and most unruly hair. Used on color-treated hair, it revives its radiance.<br \/>\n<em><strong>INDICATIONS:<\/strong><\/em><br \/>\nDry and damaged hair.<br \/>\n<em><strong>DIRECTIONS FOR USE:<\/strong><\/em><br \/>\nDistribute a few drops on the palm of your hand and apply to wet or dry hair.<\/p>","protected":false},"excerpt":{"rendered":"<p>Descripci\u00f3n Iluminante \u2013 Protector \u2013 Aterciopelante \u2013 Film\u00f3geno \u2013 No deja residuos USO ESPEC\u00cdFICO: Acabado de nutric\u00f3n. BENEFICIO: Gotas iluminadoras y nutritivas con un extraordinario efecto de brillo. ACCI\u00d3N: Proporcionan suavidad y esplendor. Textura de r\u00e1pida absorci\u00f3n, sin trazas residuales, que aporta un excepcional resplandor y sedosidad, ocultando las puntas abiertas. Proporciona docilidad para peinar [&hellip;]<\/p>","protected":false},"featured_media":1638,"comment_status":"open","ping_status":"closed","template":"","meta":{"inline_featured_image":false},"product_cat":[63],"product_tag":[],"class_list":{"0":"post-1405","1":"product","2":"type-product","3":"status-publish","4":"has-post-thumbnail","6":"product_cat-medavita","8":"first","9":"instock","10":"taxable","11":"shipping-taxable","12":"purchasable","13":"product-type-simple"},"_links":{"self":[{"href":"https:\/\/anariospeluqueria.es\/en\/wp-json\/wp\/v2\/product\/1405","targetHints":{"allow":["GET"]}}],"collection":[{"href":"https:\/\/anariospeluqueria.es\/en\/wp-json\/wp\/v2\/product"}],"about":[{"href":"https:\/\/anariospeluqueria.es\/en\/wp-json\/wp\/v2\/types\/product"}],"replies":[{"embeddable":true,"href":"https:\/\/anariospeluqueria.es\/en\/wp-json\/wp\/v2\/comments?post=1405"}],"wp:featuredmedia":[{"embeddable":true,"href":"https:\/\/anariospeluqueria.es\/en\/wp-json\/wp\/v2\/media\/1638"}],"wp:attachment":[{"href":"https:\/\/anariospeluqueria.es\/en\/wp-json\/wp\/v2\/media?parent=1405"}],"wp:term":[{"taxonomy":"product_cat","embeddable":true,"href":"https:\/\/anariospeluqueria.es\/en\/wp-json\/wp\/v2\/product_cat?post=1405"},{"taxonomy":"product_tag","embeddable":true,"href":"https:\/\/anariospeluqueria.es\/en\/wp-json\/wp\/v2\/product_tag?post=1405"}],"curies":[{"name":"wp","href":"https:\/\/api.w.org\/{rel}","templated":true}]}}