{"id":1407,"date":"2024-10-28T11:49:18","date_gmt":"2024-10-28T10:49:18","guid":{"rendered":"https:\/\/anariospeluqueria.es\/?post_type=product&#038;p=1407"},"modified":"2025-09-01T10:55:05","modified_gmt":"2025-09-01T08:55:05","slug":"crema-de-belleza-efecto-seda-cabello-prodige-50-ml","status":"publish","type":"product","link":"https:\/\/anariospeluqueria.es\/en\/product\/crema-de-belleza-efecto-seda-cabello-prodige-50-ml\/","title":{"rendered":"Prodige Silk Effect Hair Beauty Cream 50 ml medavita"},"content":{"rendered":"<p>&nbsp;<\/p>\n<p>A rich cream infused with Lifesaver liposome, an extraordinary combination of regenerating active ingredients. A unique formula, the result of tireless scientific research and amazing Prodige innovations, Divine Beauty Hair Cream activates and transforms hair.<\/p>\n<p><em><strong>SPECIFIC PURPOSE:<\/strong><\/em><br \/>\nIts exclusive formula, somewhere between a treatment and a styling product, makes it particularly versatile. It disciplines, adds shine, seals scales and provides an antistatic effect, while lightly shaping the hair with just a few sublime drops.<\/p>\n<p><em><strong>BENEFITS:<\/strong><\/em><br \/>\nThe exclusive beauty cream for hair.<\/p>\n<p><em><strong>SUITABLE FOR:<\/strong><\/em><br \/>\nAll hair types<\/p>\n<p><em><strong>HOW TO USE:<\/strong><\/em><br \/>\nApply a small amount of cream to hair after removing excess water with a towel or to dry hair. Do not rinse.<\/p>\n<p>&nbsp;<\/p>","protected":false},"excerpt":{"rendered":"<p>&nbsp; Rica crema infusionada con Lifesaver liposome, una combinaci\u00f3n extraordinaria de principios activos regeneradores. Una f\u00f3rmula \u00fanica, resultado de la investigaci\u00f3n cient\u00edfica incansable y de las asombrosas innovaciones Prodige, Divine Beauty Hair Cream activa y transforma el cabello. FINALIDAD ESPEC\u00cdFICA: Su exclusiva f\u00f3rmula, intermedia entre tratamiento y styling, hace que sea especialmente vers\u00e1til. Disciplina, aporta [&hellip;]<\/p>","protected":false},"featured_media":1449,"comment_status":"open","ping_status":"closed","template":"","meta":{"inline_featured_image":false},"product_cat":[63],"product_tag":[],"class_list":{"0":"post-1407","1":"product","2":"type-product","3":"status-publish","4":"has-post-thumbnail","6":"product_cat-medavita","8":"first","9":"outofstock","10":"taxable","11":"shipping-taxable","12":"purchasable","13":"product-type-simple"},"_links":{"self":[{"href":"https:\/\/anariospeluqueria.es\/en\/wp-json\/wp\/v2\/product\/1407","targetHints":{"allow":["GET"]}}],"collection":[{"href":"https:\/\/anariospeluqueria.es\/en\/wp-json\/wp\/v2\/product"}],"about":[{"href":"https:\/\/anariospeluqueria.es\/en\/wp-json\/wp\/v2\/types\/product"}],"replies":[{"embeddable":true,"href":"https:\/\/anariospeluqueria.es\/en\/wp-json\/wp\/v2\/comments?post=1407"}],"wp:featuredmedia":[{"embeddable":true,"href":"https:\/\/anariospeluqueria.es\/en\/wp-json\/wp\/v2\/media\/1449"}],"wp:attachment":[{"href":"https:\/\/anariospeluqueria.es\/en\/wp-json\/wp\/v2\/media?parent=1407"}],"wp:term":[{"taxonomy":"product_cat","embeddable":true,"href":"https:\/\/anariospeluqueria.es\/en\/wp-json\/wp\/v2\/product_cat?post=1407"},{"taxonomy":"product_tag","embeddable":true,"href":"https:\/\/anariospeluqueria.es\/en\/wp-json\/wp\/v2\/product_tag?post=1407"}],"curies":[{"name":"wp","href":"https:\/\/api.w.org\/{rel}","templated":true}]}}