{"id":1410,"date":"2024-10-28T11:57:05","date_gmt":"2024-10-28T10:57:05","guid":{"rendered":"https:\/\/anariospeluqueria.es\/?post_type=product&#038;p=1410"},"modified":"2025-10-09T20:43:36","modified_gmt":"2025-10-09T18:43:36","slug":"aceite-aureo-huile-detoile-50-ml","status":"publish","type":"product","link":"https:\/\/anariospeluqueria.es\/en\/product\/aceite-aureo-huile-detoile-50-ml\/","title":{"rendered":"Huile D&#039;\u00c9toile Golden Oil 50 ml medavita"},"content":{"rendered":"<p>The velvety, fast-absorbing texture leaves hair instantly radiant and shiny, soft, light, and silky to the touch, and intoxicating to the nose. The exclusive oil complex (Sacha Inchi, Moringa, Tiger Nut, and Flaxseed), rich in natural antioxidants, provides extreme shine and nourishment to the fiber, protecting the hair and limiting dehydration. Suitable for all hair types, every day, even several times a day, for an immediate touch of splendor.<\/p>","protected":false},"excerpt":{"rendered":"<p>La textura aterciopelada, de r\u00e1pida absorci\u00f3n, vuelve el cabello instant\u00e1neamente radiante y brillante a la vista, suave, ligero y sedoso al tacto, embriagador al olfato. El complejo exclusivo de aceites (Sacha Inchi, Moringa, Chufa y semillas de Lino), rico en antioxidantes naturales, brinda extrema luminosidad y nutrici\u00f3n a la fibra, protegiendo el cabello y limitando [&hellip;]<\/p>","protected":false},"featured_media":1543,"comment_status":"open","ping_status":"closed","template":"","meta":{"inline_featured_image":false},"product_cat":[63],"product_tag":[],"class_list":{"0":"post-1410","1":"product","2":"type-product","3":"status-publish","4":"has-post-thumbnail","6":"product_cat-medavita","8":"first","9":"instock","10":"taxable","11":"shipping-taxable","12":"purchasable","13":"product-type-simple"},"_links":{"self":[{"href":"https:\/\/anariospeluqueria.es\/en\/wp-json\/wp\/v2\/product\/1410","targetHints":{"allow":["GET"]}}],"collection":[{"href":"https:\/\/anariospeluqueria.es\/en\/wp-json\/wp\/v2\/product"}],"about":[{"href":"https:\/\/anariospeluqueria.es\/en\/wp-json\/wp\/v2\/types\/product"}],"replies":[{"embeddable":true,"href":"https:\/\/anariospeluqueria.es\/en\/wp-json\/wp\/v2\/comments?post=1410"}],"wp:featuredmedia":[{"embeddable":true,"href":"https:\/\/anariospeluqueria.es\/en\/wp-json\/wp\/v2\/media\/1543"}],"wp:attachment":[{"href":"https:\/\/anariospeluqueria.es\/en\/wp-json\/wp\/v2\/media?parent=1410"}],"wp:term":[{"taxonomy":"product_cat","embeddable":true,"href":"https:\/\/anariospeluqueria.es\/en\/wp-json\/wp\/v2\/product_cat?post=1410"},{"taxonomy":"product_tag","embeddable":true,"href":"https:\/\/anariospeluqueria.es\/en\/wp-json\/wp\/v2\/product_tag?post=1410"}],"curies":[{"name":"wp","href":"https:\/\/api.w.org\/{rel}","templated":true}]}}