{"id":1413,"date":"2024-10-28T12:32:32","date_gmt":"2024-10-28T11:32:32","guid":{"rendered":"https:\/\/anariospeluqueria.es\/?post_type=product&#038;p=1413"},"modified":"2025-09-01T10:55:06","modified_gmt":"2025-09-01T08:55:06","slug":"mascarilla-reconstructora-150-ml","status":"publish","type":"product","link":"https:\/\/anariospeluqueria.es\/en\/product\/mascarilla-reconstructora-150-ml\/","title":{"rendered":"Medavita Reconstructive Mask 150 ml"},"content":{"rendered":"<p>Repairing mask that reconstructs hair fiber. A rich poultice with a soft and dense texture to intensely condition the fiber, covering it with a protective film that, by sealing the scales, leaves the hair more shiny, compact and easy to comb. Based on Betacarotene, which acts as an adjuvant in the<br \/>\nReconstruction of the hair fibre, protects the hair from damage caused by physiological processes (dehydration and ageing) as well as from chemical substances and environmental factors. It helps to revitalise and reconstruct in depth thanks to its intense cosmetic action.<br \/>\nEnriched with the Amino Concentr\u00e9 complex, for a long-lasting reconstruction result.<\/p>","protected":false},"excerpt":{"rendered":"<p>Mascarilla reparadora reconstructora de la fibra capilar. Un emplasto rico con textura suave y densa para acondicionar intensamente la fibra, recubri\u00e9ndola con una pel\u00edcula protectora que, al sellar las escamas, deja el cabello m\u00e1s resplandeciente, compacto y f\u00e1cil de peinar. A base de Betacaroteno, que act\u00faa como coadyuvante en la reconstrucci\u00f3n de la fibra capilar, [&hellip;]<\/p>","protected":false},"featured_media":1542,"comment_status":"open","ping_status":"closed","template":"","meta":{"inline_featured_image":false},"product_cat":[63],"product_tag":[],"class_list":{"0":"post-1413","1":"product","2":"type-product","3":"status-publish","4":"has-post-thumbnail","6":"product_cat-medavita","8":"first","9":"instock","10":"taxable","11":"shipping-taxable","12":"purchasable","13":"product-type-simple"},"_links":{"self":[{"href":"https:\/\/anariospeluqueria.es\/en\/wp-json\/wp\/v2\/product\/1413","targetHints":{"allow":["GET"]}}],"collection":[{"href":"https:\/\/anariospeluqueria.es\/en\/wp-json\/wp\/v2\/product"}],"about":[{"href":"https:\/\/anariospeluqueria.es\/en\/wp-json\/wp\/v2\/types\/product"}],"replies":[{"embeddable":true,"href":"https:\/\/anariospeluqueria.es\/en\/wp-json\/wp\/v2\/comments?post=1413"}],"wp:featuredmedia":[{"embeddable":true,"href":"https:\/\/anariospeluqueria.es\/en\/wp-json\/wp\/v2\/media\/1542"}],"wp:attachment":[{"href":"https:\/\/anariospeluqueria.es\/en\/wp-json\/wp\/v2\/media?parent=1413"}],"wp:term":[{"taxonomy":"product_cat","embeddable":true,"href":"https:\/\/anariospeluqueria.es\/en\/wp-json\/wp\/v2\/product_cat?post=1413"},{"taxonomy":"product_tag","embeddable":true,"href":"https:\/\/anariospeluqueria.es\/en\/wp-json\/wp\/v2\/product_tag?post=1413"}],"curies":[{"name":"wp","href":"https:\/\/api.w.org\/{rel}","templated":true}]}}