{"id":1476,"date":"2024-11-20T18:25:16","date_gmt":"2024-11-20T17:25:16","guid":{"rendered":"https:\/\/anariospeluqueria.es\/?post_type=product&#038;p=1476"},"modified":"2026-04-01T02:58:50","modified_gmt":"2026-04-01T00:58:50","slug":"ampollas-k89","status":"publish","type":"product","link":"https:\/\/anariospeluqueria.es\/en\/product\/ampollas-k89\/","title":{"rendered":"Flash Repair Ampoules (24x8) k89"},"content":{"rendered":"<p>Flash Repair Lotion ampoules are an intensive flash restructuring treatment for dry, damaged, or chemically treated hair. It&#039;s a compound of trace elements that, when combined with any of the treatments in the Sweet Care line, maximizes its effect.<\/p>\n<p>Intensive restructuring treatment for damaged, dry, and chemically treated hair. Formulated with a complex of trace elements that penetrate the hair fiber and reconstruct damaged areas. You&#039;ll achieve strong, healthy, and shiny hair.<\/p>\n<p>&nbsp;<\/p>\n<p>Characteristics:<\/p>\n<p>Nourishes without weighing you down<\/p>\n<p>Protects the color<\/p>\n<p>Eliminates frizz<\/p>\n<p>Silky touch<\/p>\n<p>Instant effect<\/p>\n<p>How to use:<\/p>\n<p>Apply to damp hair and distribute evenly throughout with a comb. Leave on for 5 minutes and rinse thoroughly with water.<\/p>\n<p>Box of 24 units 8ml<\/p>","protected":false},"excerpt":{"rendered":"<p>Las ampollas Flash Repair Lotion son un tratamiento de reestructuraci\u00f3n intensiva flash para cabello seco, da\u00f1ado o tratado qu\u00edmicamente. Es un compuesto de oligoelementos que, en combinaci\u00f3n con cualquiera de los tratamientos de la l\u00ednea Sweet Care, maximiza sus efecto. Tratamiento de reestructuraci\u00f3n intensiva para cabellos da\u00f1ados, secos y tratados qu\u00edmicamente. Formulada con un complejo [&hellip;]<\/p>","protected":false},"featured_media":1610,"comment_status":"open","ping_status":"closed","template":"","meta":{"inline_featured_image":false},"product_cat":[70],"product_tag":[],"class_list":{"0":"post-1476","1":"product","2":"type-product","3":"status-publish","4":"has-post-thumbnail","6":"product_cat-k89","8":"first","9":"outofstock","10":"taxable","11":"shipping-taxable","12":"purchasable","13":"product-type-simple"},"_links":{"self":[{"href":"https:\/\/anariospeluqueria.es\/en\/wp-json\/wp\/v2\/product\/1476","targetHints":{"allow":["GET"]}}],"collection":[{"href":"https:\/\/anariospeluqueria.es\/en\/wp-json\/wp\/v2\/product"}],"about":[{"href":"https:\/\/anariospeluqueria.es\/en\/wp-json\/wp\/v2\/types\/product"}],"replies":[{"embeddable":true,"href":"https:\/\/anariospeluqueria.es\/en\/wp-json\/wp\/v2\/comments?post=1476"}],"wp:featuredmedia":[{"embeddable":true,"href":"https:\/\/anariospeluqueria.es\/en\/wp-json\/wp\/v2\/media\/1610"}],"wp:attachment":[{"href":"https:\/\/anariospeluqueria.es\/en\/wp-json\/wp\/v2\/media?parent=1476"}],"wp:term":[{"taxonomy":"product_cat","embeddable":true,"href":"https:\/\/anariospeluqueria.es\/en\/wp-json\/wp\/v2\/product_cat?post=1476"},{"taxonomy":"product_tag","embeddable":true,"href":"https:\/\/anariospeluqueria.es\/en\/wp-json\/wp\/v2\/product_tag?post=1476"}],"curies":[{"name":"wp","href":"https:\/\/api.w.org\/{rel}","templated":true}]}}