{"id":1516,"date":"2024-11-20T21:52:35","date_gmt":"2024-11-20T20:52:35","guid":{"rendered":"https:\/\/anariospeluqueria.es\/?post_type=product&#038;p=1516"},"modified":"2025-12-26T22:05:07","modified_gmt":"2025-12-26T21:05:07","slug":"k89-1","status":"publish","type":"product","link":"https:\/\/anariospeluqueria.es\/en\/product\/k89-1\/","title":{"rendered":"Global Restore k89 Restorative Treatment Mask 1000ml"},"content":{"rendered":"<p>Hair restructuring mask. Restores and strengthens hair, enriched with Hydrolyzed Keratin.<\/p>\n<p><b>ACTIVE INGREDIENTS:<\/b><\/p>\n<p>Hydrolyzed Keratin: Restores and conditions hair.<\/p>\n<p>Silk Proteins: Provides shine and softness, creating a protective film that prevents hair damage.<\/p>\n<p><b>CHARACTERISTICS:<\/b><\/p>\n<p>Intensely restructures hair.<\/p>\n<p>Fills and reconstructs the hair fiber.<\/p>\n<p>Deeply hydrates and conditions.<\/p>\n<p><b>ESPECIALLY INDICATED FOR:<\/b><\/p>\n<p>Damaged hair<\/p>\n<p>Dry hair<\/p>\n<p>Hair with highlights<\/p>\n<p>Colored hair<\/p>\n<p><b>DIRECTIONS FOR USE:<\/b><\/p>\n<p>Apply to damp, previously washed hair, leave for 10 minutes and rinse thoroughly. To multiply its effect, you can mix it with Flash Repair ampoules and apply heat.<\/p>","protected":false},"excerpt":{"rendered":"<p>Mascarilla de reestructuraci\u00f3n del cabello. Restaura y fortalece el cabello, enriquecido con Queratina Hidrolizada. PRINCIPIOS ACTIVOS: Queratina Hidrolizada: Restaura y acondiciona el cabello. Prote\u00ednas de Seda: Aporta brillo y suavidad, creando una pel\u00edcula protectora que impide que se da\u00f1e el cabello. CARACTER\u00cdSTICAS: Reestructura el cabello intensamente. Rellena y reconstruye la fibra capilar. Hidrata y acondiciona [&hellip;]<\/p>","protected":false},"featured_media":1517,"comment_status":"open","ping_status":"closed","template":"","meta":{"inline_featured_image":false},"product_cat":[70],"product_tag":[],"class_list":{"0":"post-1516","1":"product","2":"type-product","3":"status-publish","4":"has-post-thumbnail","6":"product_cat-k89","8":"first","9":"instock","10":"taxable","11":"shipping-taxable","12":"purchasable","13":"product-type-simple"},"_links":{"self":[{"href":"https:\/\/anariospeluqueria.es\/en\/wp-json\/wp\/v2\/product\/1516","targetHints":{"allow":["GET"]}}],"collection":[{"href":"https:\/\/anariospeluqueria.es\/en\/wp-json\/wp\/v2\/product"}],"about":[{"href":"https:\/\/anariospeluqueria.es\/en\/wp-json\/wp\/v2\/types\/product"}],"replies":[{"embeddable":true,"href":"https:\/\/anariospeluqueria.es\/en\/wp-json\/wp\/v2\/comments?post=1516"}],"wp:featuredmedia":[{"embeddable":true,"href":"https:\/\/anariospeluqueria.es\/en\/wp-json\/wp\/v2\/media\/1517"}],"wp:attachment":[{"href":"https:\/\/anariospeluqueria.es\/en\/wp-json\/wp\/v2\/media?parent=1516"}],"wp:term":[{"taxonomy":"product_cat","embeddable":true,"href":"https:\/\/anariospeluqueria.es\/en\/wp-json\/wp\/v2\/product_cat?post=1516"},{"taxonomy":"product_tag","embeddable":true,"href":"https:\/\/anariospeluqueria.es\/en\/wp-json\/wp\/v2\/product_tag?post=1516"}],"curies":[{"name":"wp","href":"https:\/\/api.w.org\/{rel}","templated":true}]}}