{"id":1522,"date":"2024-11-20T21:56:37","date_gmt":"2024-11-20T20:56:37","guid":{"rendered":"https:\/\/anariospeluqueria.es\/?post_type=product&#038;p=1522"},"modified":"2025-12-26T22:04:42","modified_gmt":"2025-12-26T21:04:42","slug":"k89-4","status":"publish","type":"product","link":"https:\/\/anariospeluqueria.es\/en\/product\/k89-4\/","title":{"rendered":"Global Restore k89 Restorative Shampoo 1000 ml"},"content":{"rendered":"<p>Hair restructuring shampoo. Restores and strengthens hair, enriched with Hydrolyzed Keratin.<\/p>\n<p><strong>ACTIVE INGREDIENTS:<\/strong><\/p>\n<p>Hydrolyzed Keratin: Restores and conditions hair.<\/p>\n<p>Silk Proteins: Provides shine and softness, creating a protective film that prevents hair damage.<\/p>\n<p><strong>CHARACTERISTICS:<\/strong><\/p>\n<p>Intensely restructures hair.<\/p>\n<p>Fills and reconstructs the hair fiber.<\/p>\n<p>Deeply hydrates and conditions.<\/p>\n<p><b>SUITABLE FOR:<\/b><\/p>\n<p>Damaged hair<\/p>\n<p>Dry hair<\/p>\n<p>Hair with highlights<\/p>\n<p>Colored hair<\/p>\n<p><strong>HOW TO USE:<\/strong><\/p>\n<p>Apply to wet hair, massage into a thick foam and rinse thoroughly.<\/p>\n<ul>\n<li>Ideal for damaged, dry and chemically treated hair.<\/li>\n<\/ul>\n<p><strong>How to use:<\/strong> Apply a small amount to wet hair, massage gently until foaming and rinse. For best results, it is recommended to use it together with the restorative conditioner from the same line.<\/p>\n<p>This shampoo not only repairs visible damage, but also strengthens each strand for healthier, more resilient hair in the future.<\/p>\n<div class=\"relative inline-flex items-center\"><\/div>","protected":false},"excerpt":{"rendered":"<p>Champ\u00fa de reestructuraci\u00f3n del cabello. Restaura y fortalece el cabello, enriquecido con Queratina Hidrolizada. PRINCIPIOS ACTIVOS: Queratina Hidrolizada: Restaura y acondiciona el cabello. Prote\u00ednas de Seda: Aporta brillo y suavidad, creando una pel\u00edcula protectora que impide que se da\u00f1e el cabello. CARACTER\u00cdSTICAS: Reestructura el cabello intensamente. Rellena y reconstruye la fibra capilar. Hidrata y acondiciona [&hellip;]<\/p>","protected":false},"featured_media":1524,"comment_status":"open","ping_status":"closed","template":"","meta":{"inline_featured_image":false},"product_cat":[70],"product_tag":[],"class_list":{"0":"post-1522","1":"product","2":"type-product","3":"status-publish","4":"has-post-thumbnail","6":"product_cat-k89","8":"first","9":"instock","10":"taxable","11":"shipping-taxable","12":"purchasable","13":"product-type-simple"},"_links":{"self":[{"href":"https:\/\/anariospeluqueria.es\/en\/wp-json\/wp\/v2\/product\/1522","targetHints":{"allow":["GET"]}}],"collection":[{"href":"https:\/\/anariospeluqueria.es\/en\/wp-json\/wp\/v2\/product"}],"about":[{"href":"https:\/\/anariospeluqueria.es\/en\/wp-json\/wp\/v2\/types\/product"}],"replies":[{"embeddable":true,"href":"https:\/\/anariospeluqueria.es\/en\/wp-json\/wp\/v2\/comments?post=1522"}],"wp:featuredmedia":[{"embeddable":true,"href":"https:\/\/anariospeluqueria.es\/en\/wp-json\/wp\/v2\/media\/1524"}],"wp:attachment":[{"href":"https:\/\/anariospeluqueria.es\/en\/wp-json\/wp\/v2\/media?parent=1522"}],"wp:term":[{"taxonomy":"product_cat","embeddable":true,"href":"https:\/\/anariospeluqueria.es\/en\/wp-json\/wp\/v2\/product_cat?post=1522"},{"taxonomy":"product_tag","embeddable":true,"href":"https:\/\/anariospeluqueria.es\/en\/wp-json\/wp\/v2\/product_tag?post=1522"}],"curies":[{"name":"wp","href":"https:\/\/api.w.org\/{rel}","templated":true}]}}