{"id":1644,"date":"2024-12-05T09:41:27","date_gmt":"2024-12-05T08:41:27","guid":{"rendered":"https:\/\/anariospeluqueria.es\/?post_type=product&#038;p=1644"},"modified":"2026-04-10T00:09:32","modified_gmt":"2026-04-09T22:09:32","slug":"tratamiento-anticaida-locion-concentrada-y-ampollas-13x6","status":"publish","type":"product","link":"https:\/\/anariospeluqueria.es\/en\/product\/tratamiento-anticaida-locion-concentrada-y-ampollas-13x6\/","title":{"rendered":"Anti-hair loss treatment shampoo + 13x6 medavita ampoules"},"content":{"rendered":"<p><strong>MEDAVITA Concentrated Lotion for Men Hair Loss Treatment Vials 13x6ml<\/strong><\/p>\n<p>Vials: Adjuvant to intensive treatment for the prevention of male pattern hair loss, for stronger, fuller hair and a more vital, responsive hair bulb. Contains the exclusive pool of potent functional plant active ingredients found in the Concentrated Lotion (Aloe, Ginger, Calamus, Camphor, Arnica, Galbanum, Rosemary, Cinnamon, Myrrh, Nutmeg) that stimulate growth, strengthen the anchoring system, and extend the lifespan of the hair. Enriched with Serenoa repens, a potent inhibitor of 5-alpha-reductase and the transformation of testosterone into dihydrotestosterone, responsible for androgenetic alopecia and related inflammatory conditions. The numerous plant extracts in which the formula is rich have a strong antioxidant action and increase microcirculation flow, revitalizing the hair bulb metabolism and keeping the scalp constantly moisturized and hydrated. Lotion Concentr\u00e9e Homme is suitable for all male skin types, especially atonic skin with sluggish microcirculation. Warning: Do not apply immediately after a coloring and\/or bleaching service.<\/p>\n<p>Shower shampoo: Toning shower shampoo with moisturizing and energizing action.<\/p>\n<p><strong>HOW TO USE:<\/strong><\/p>\n<p>Ampoules: After applying LOTION CONCENTR\u00c9E HOMME Anti-Hair Loss Shampoo for Men, apply the lotion directly to your scalp. Gently massage in with circular movements. Do not rinse. See inside for instructions. *(Helps prevent hair loss).<\/p>\n<p>Shower Shampoo: distribute evenly over the body and hair with a<br \/>\nmassage gently and rinse.<\/p>","protected":false},"excerpt":{"rendered":"<p>MEDAVITA Loci\u00f3n Concentr\u00e9e Homme Tratamiento Antica\u00edda Viales 13x6ml Viales: Coadyuvante del tratamiento intensivo en la prevenci\u00f3n de la ca\u00edda del cabello masculino, para un cabello m\u00e1s fuerte y lleno y un bulbo m\u00e1s vital y receptivo a los est\u00edmulos. Contiene el exclusivo pool de potentes activos vegetales funcionales de la Loci\u00f3n Concentr\u00e9e (Aloe, Jengibre, C\u00e1lamo, [&hellip;]<\/p>","protected":false},"featured_media":1645,"comment_status":"open","ping_status":"closed","template":"","meta":{"inline_featured_image":false},"product_cat":[63],"product_tag":[],"class_list":{"0":"post-1644","1":"product","2":"type-product","3":"status-publish","4":"has-post-thumbnail","6":"product_cat-medavita","8":"first","9":"outofstock","10":"taxable","11":"shipping-taxable","12":"purchasable","13":"product-type-simple"},"_links":{"self":[{"href":"https:\/\/anariospeluqueria.es\/en\/wp-json\/wp\/v2\/product\/1644","targetHints":{"allow":["GET"]}}],"collection":[{"href":"https:\/\/anariospeluqueria.es\/en\/wp-json\/wp\/v2\/product"}],"about":[{"href":"https:\/\/anariospeluqueria.es\/en\/wp-json\/wp\/v2\/types\/product"}],"replies":[{"embeddable":true,"href":"https:\/\/anariospeluqueria.es\/en\/wp-json\/wp\/v2\/comments?post=1644"}],"wp:featuredmedia":[{"embeddable":true,"href":"https:\/\/anariospeluqueria.es\/en\/wp-json\/wp\/v2\/media\/1645"}],"wp:attachment":[{"href":"https:\/\/anariospeluqueria.es\/en\/wp-json\/wp\/v2\/media?parent=1644"}],"wp:term":[{"taxonomy":"product_cat","embeddable":true,"href":"https:\/\/anariospeluqueria.es\/en\/wp-json\/wp\/v2\/product_cat?post=1644"},{"taxonomy":"product_tag","embeddable":true,"href":"https:\/\/anariospeluqueria.es\/en\/wp-json\/wp\/v2\/product_tag?post=1644"}],"curies":[{"name":"wp","href":"https:\/\/api.w.org\/{rel}","templated":true}]}}