{"id":1812,"date":"2024-12-27T22:35:43","date_gmt":"2024-12-27T21:35:43","guid":{"rendered":"https:\/\/anariospeluqueria.es\/?post_type=product&#038;p=1812"},"modified":"2025-11-19T20:40:56","modified_gmt":"2025-11-19T19:40:56","slug":"champu-voluminizador-300ml","status":"publish","type":"product","link":"https:\/\/anariospeluqueria.es\/en\/product\/champu-voluminizador-300ml\/","title":{"rendered":"Volumizing Shampoo 300ml salerm"},"content":{"rendered":"<p><strong>Energizing Caffeine Shampoo<\/strong>, especially for fine and volumeless hair. Gently removes hair follicle blockages and surrounds the fiber for vigorous, voluminous, weightless and healthy hair.<\/p>\n<ul>\n<li>Push Up Effect.<\/li>\n<li>Amino acid cocktail.<\/li>\n<li>For fine hair.<\/li>\n<li>Paraben free.<\/li>\n<li>100% vegan.<\/li>\n<\/ul>\n<p><strong>Especially indicated for fine and volumeless hair.<\/strong><\/p>\n<p><strong>Volume Up is the g<\/strong><strong>loves\u00a0<\/strong><strong>of effect\u00a0<\/strong><strong>volumizer<\/strong><strong>\u00a0and immediately invigorating.\u00a0<\/strong>Provides body and texture to the hair to achieve natural volume.<\/p>\n<ul>\n<li>Gives body and volume to the hair.<\/li>\n<li>Cleaning and treatment without adding weight.<\/li>\n<li>Push-up effect on the hair fiber<\/li>\n<\/ul>\n<div class=\"tab_product-tab-content__vAcQD product-tab-content ingredients\">\n<p>Formulated with energizing caffeine and an amino acid cocktail.<\/p>\n<\/div>\n<h3>How to use:<\/h3>\n<ol>\n<li>Apply the shampoo to damp hair.<\/li>\n<li>Massage gently to create a lather.<\/li>\n<li>Rinse well and repeat if necessary for increased volume.<\/li>\n<\/ol>\n<p>This shampoo is perfect to complement your daily routine if you are looking for more voluminous, healthy and manageable hair.<\/p>","protected":false},"excerpt":{"rendered":"<p>Champ\u00fa con cafe\u00edna energizante, especial para cabellos finos y sin volumen. Elimina suavemente la obstrucci\u00f3n del fol\u00edculo piloso y rodea la fibra para un cabello vigoroso, voluminoso, sin peso y saludable. Efecto Push Up. Cocktail de aminoaidos. Para cabello fino. Sin parabenos. 100% vegano. Especialmente indicada para cabello fino y sin volumen. Volume Up es [&hellip;]<\/p>","protected":false},"featured_media":1813,"comment_status":"open","ping_status":"closed","template":"","meta":{"inline_featured_image":false},"product_cat":[77],"product_tag":[],"class_list":{"0":"post-1812","1":"product","2":"type-product","3":"status-publish","4":"has-post-thumbnail","6":"product_cat-caballero","8":"first","9":"instock","10":"taxable","11":"shipping-taxable","12":"purchasable","13":"product-type-simple"},"_links":{"self":[{"href":"https:\/\/anariospeluqueria.es\/en\/wp-json\/wp\/v2\/product\/1812","targetHints":{"allow":["GET"]}}],"collection":[{"href":"https:\/\/anariospeluqueria.es\/en\/wp-json\/wp\/v2\/product"}],"about":[{"href":"https:\/\/anariospeluqueria.es\/en\/wp-json\/wp\/v2\/types\/product"}],"replies":[{"embeddable":true,"href":"https:\/\/anariospeluqueria.es\/en\/wp-json\/wp\/v2\/comments?post=1812"}],"wp:featuredmedia":[{"embeddable":true,"href":"https:\/\/anariospeluqueria.es\/en\/wp-json\/wp\/v2\/media\/1813"}],"wp:attachment":[{"href":"https:\/\/anariospeluqueria.es\/en\/wp-json\/wp\/v2\/media?parent=1812"}],"wp:term":[{"taxonomy":"product_cat","embeddable":true,"href":"https:\/\/anariospeluqueria.es\/en\/wp-json\/wp\/v2\/product_cat?post=1812"},{"taxonomy":"product_tag","embeddable":true,"href":"https:\/\/anariospeluqueria.es\/en\/wp-json\/wp\/v2\/product_tag?post=1812"}],"curies":[{"name":"wp","href":"https:\/\/api.w.org\/{rel}","templated":true}]}}