{"id":1820,"date":"2024-12-27T22:45:05","date_gmt":"2024-12-27T21:45:05","guid":{"rendered":"https:\/\/anariospeluqueria.es\/?post_type=product&#038;p=1820"},"modified":"2026-01-15T23:25:53","modified_gmt":"2026-01-15T22:25:53","slug":"acondicionador-repair-300ml","status":"publish","type":"product","link":"https:\/\/anariospeluqueria.es\/en\/product\/acondicionador-repair-300ml\/","title":{"rendered":"indola Repair Conditioner 300ml"},"content":{"rendered":"<p>INDOLA Repairing Conditioner, with vegan alternative keratin, fortifies and nourishes damaged and porous hair while protecting hair against breakage by up to 95%*. Repairs and enhances the hair cuticle while protecting against mechanical damage. For shiny, soft and healthy-looking hair. Vegan formula**.<\/p>\n<ul>\n<li>Great consistency<\/li>\n<li>Formulated for damaged and porous hair<\/li>\n<li>Detangles and improves combability<\/li>\n<li>Repairs and enhances the hair cuticle while improving shine<\/li>\n<li>Helps protect against mechanical influences<\/li>\n<li>Increases hair&#039;s resistance to breakage<\/li>\n<\/ul>\n<p>*When used with INDOLA Repair Shampoo.<\/p>\n<p>**Free of ingredients of animal origin.<\/p>","protected":false},"excerpt":{"rendered":"<p>El Acondicionador Reparador de INDOLA, con queratina vegana alternativa, fortifica y nutre el cabello da\u00f1ado y poroso mientras protege el cabello frente a la rotura hasta en un 95%*. Repara y realza la cut\u00edcula del cabello mientras protege frente a los da\u00f1os mec\u00e1nicos. Para un cabello brillante, suave y de aspecto sano. F\u00f3rmula vegana**. Gran [&hellip;]<\/p>","protected":false},"featured_media":1821,"comment_status":"open","ping_status":"closed","template":"","meta":{"inline_featured_image":false},"product_cat":[76],"product_tag":[],"class_list":{"0":"post-1820","1":"product","2":"type-product","3":"status-publish","4":"has-post-thumbnail","6":"product_cat-indola","8":"first","9":"outofstock","10":"taxable","11":"shipping-taxable","12":"purchasable","13":"product-type-simple"},"_links":{"self":[{"href":"https:\/\/anariospeluqueria.es\/en\/wp-json\/wp\/v2\/product\/1820","targetHints":{"allow":["GET"]}}],"collection":[{"href":"https:\/\/anariospeluqueria.es\/en\/wp-json\/wp\/v2\/product"}],"about":[{"href":"https:\/\/anariospeluqueria.es\/en\/wp-json\/wp\/v2\/types\/product"}],"replies":[{"embeddable":true,"href":"https:\/\/anariospeluqueria.es\/en\/wp-json\/wp\/v2\/comments?post=1820"}],"wp:featuredmedia":[{"embeddable":true,"href":"https:\/\/anariospeluqueria.es\/en\/wp-json\/wp\/v2\/media\/1821"}],"wp:attachment":[{"href":"https:\/\/anariospeluqueria.es\/en\/wp-json\/wp\/v2\/media?parent=1820"}],"wp:term":[{"taxonomy":"product_cat","embeddable":true,"href":"https:\/\/anariospeluqueria.es\/en\/wp-json\/wp\/v2\/product_cat?post=1820"},{"taxonomy":"product_tag","embeddable":true,"href":"https:\/\/anariospeluqueria.es\/en\/wp-json\/wp\/v2\/product_tag?post=1820"}],"curies":[{"name":"wp","href":"https:\/\/api.w.org\/{rel}","templated":true}]}}