{"id":1849,"date":"2024-12-27T23:37:39","date_gmt":"2024-12-27T22:37:39","guid":{"rendered":"https:\/\/anariospeluqueria.es\/?post_type=product&#038;p=1849"},"modified":"2026-02-23T22:26:52","modified_gmt":"2026-02-23T21:26:52","slug":"ampollas-salerm","status":"publish","type":"product","link":"https:\/\/anariospeluqueria.es\/en\/product\/ampollas-salerm\/","title":{"rendered":"Salerm 21 boost ampoules"},"content":{"rendered":"<p>Concentrated hair mask for intense repair. With botulinum effect that strengthens the hair fiber. Acts as an anti-pollution shield and offers thermal protection.<\/p>\n<p><strong>Salerm 21 Boost<\/strong>\u00a0It is a hair mask that offers all the benefits of Salerm 21 in a 5 times more concentrated version.<\/p>\n<ul>\n<li>Maximum repair and protection.<\/li>\n<li>Botulinum effect that strengthens the hair fiber.<\/li>\n<li>Thermal and anti-pollution protection.<\/li>\n<li>Anti-humidity effect for frizz-free hair.<\/li>\n<\/ul>\n<p>Sulfate-free and paraben-free.<\/p>\n<p>It provides intense repair for all hair types, even the most damaged. It also provides thermal protection and acts as an anti-pollution shield. The result is strong, soft, shiny and frizz-free hair.<\/p>\n<p>Application:<\/p>\n<p>After washing, apply the contents of the vial to damp hair. Massage and leave for 5 minutes. Finally, rinse and proceed as usual.<\/p>","protected":false},"excerpt":{"rendered":"<p>Mascarilla capilar concentrada para una reparaci\u00f3n intensa. Con efecto botul\u00ednico que fortalece la fibra capilar. Act\u00faa como escudo antipoluci\u00f3n y ofrece protecci\u00f3n t\u00e9rmica. Salerm 21 Boost\u00a0es una mascarilla capilar que ofrece todos los beneficios de Salerm 21 en una versi\u00f3n 5 veces m\u00e1s concentrada. M\u00e1xima reparaci\u00f3n y protecci\u00f3n. Efecto botul\u00ednico que fortalece la fibra capilar. [&hellip;]<\/p>","protected":false},"featured_media":1877,"comment_status":"open","ping_status":"closed","template":"","meta":{"inline_featured_image":false},"product_cat":[87],"product_tag":[],"class_list":{"0":"post-1849","1":"product","2":"type-product","3":"status-publish","4":"has-post-thumbnail","6":"product_cat-salerm","8":"first","9":"instock","10":"taxable","11":"shipping-taxable","12":"purchasable","13":"product-type-simple"},"_links":{"self":[{"href":"https:\/\/anariospeluqueria.es\/en\/wp-json\/wp\/v2\/product\/1849","targetHints":{"allow":["GET"]}}],"collection":[{"href":"https:\/\/anariospeluqueria.es\/en\/wp-json\/wp\/v2\/product"}],"about":[{"href":"https:\/\/anariospeluqueria.es\/en\/wp-json\/wp\/v2\/types\/product"}],"replies":[{"embeddable":true,"href":"https:\/\/anariospeluqueria.es\/en\/wp-json\/wp\/v2\/comments?post=1849"}],"wp:featuredmedia":[{"embeddable":true,"href":"https:\/\/anariospeluqueria.es\/en\/wp-json\/wp\/v2\/media\/1877"}],"wp:attachment":[{"href":"https:\/\/anariospeluqueria.es\/en\/wp-json\/wp\/v2\/media?parent=1849"}],"wp:term":[{"taxonomy":"product_cat","embeddable":true,"href":"https:\/\/anariospeluqueria.es\/en\/wp-json\/wp\/v2\/product_cat?post=1849"},{"taxonomy":"product_tag","embeddable":true,"href":"https:\/\/anariospeluqueria.es\/en\/wp-json\/wp\/v2\/product_tag?post=1849"}],"curies":[{"name":"wp","href":"https:\/\/api.w.org\/{rel}","templated":true}]}}