{"id":2005,"date":"2025-06-20T13:11:01","date_gmt":"2025-06-20T11:11:01","guid":{"rendered":"https:\/\/anariospeluqueria.es\/?post_type=product&#038;p=2005"},"modified":"2025-09-01T10:55:11","modified_gmt":"2025-09-01T08:55:11","slug":"spray-fijador-del-color-medavita","status":"publish","type":"product","link":"https:\/\/anariospeluqueria.es\/en\/product\/spray-fijador-del-color-medavita\/","title":{"rendered":"Medavita color fixing spray"},"content":{"rendered":"<ul>\n<li>Prolongs the vividness, luminosity and depth of reflections<\/li>\n<\/ul>\n<p>Action<\/p>\n<p>Nourishing \u2013 moisturizing \u2013 strengthening \u2013 energizing<\/p>\n<p>&nbsp;<\/p>\n<p>Characteristics<\/p>\n<p>Provides extreme shine and silkiness to the fiber, while facilitating drying. Ensures maximum protection against humidity. The complex of active ingredients, composed of Phytokeratin, rich in amino acids, and Safflower and Moringa oils, nourishing, moisturizing, and protecting, prolongs the intensity of the color and makes the hair softer and shinier; it exerts an anti-free radical, energizing, restorative, moisturizing, and strengthening action. Contains UVA\/UVB sunscreen and the Amino Concentrate complex.<\/p>","protected":false},"excerpt":{"rendered":"<p>Prolonga la viveza, luminosidad y profundidad de los reflejos Acci\u00f3n Nutritivo &#8211; hidratante &#8211; reforzador &#8211; energizante &nbsp; Caracter\u00edsticas Aporta una extrema luminosidad y sedosidad a la fibra, al tiempo que facilita el secado. Garantiza la m\u00e1xima protecci\u00f3n contra la humedad. El complejo de principios activos, compuesto por Fitoqueratina, rica en amino\u00e1cidos, y aceites de [&hellip;]<\/p>","protected":false},"featured_media":2004,"comment_status":"closed","ping_status":"closed","template":"","meta":{"inline_featured_image":false},"product_cat":[63],"product_tag":[],"class_list":{"0":"post-2005","1":"product","2":"type-product","3":"status-publish","4":"has-post-thumbnail","6":"product_cat-medavita","8":"first","9":"instock","10":"taxable","11":"shipping-taxable","12":"purchasable","13":"product-type-simple"},"_links":{"self":[{"href":"https:\/\/anariospeluqueria.es\/en\/wp-json\/wp\/v2\/product\/2005","targetHints":{"allow":["GET"]}}],"collection":[{"href":"https:\/\/anariospeluqueria.es\/en\/wp-json\/wp\/v2\/product"}],"about":[{"href":"https:\/\/anariospeluqueria.es\/en\/wp-json\/wp\/v2\/types\/product"}],"replies":[{"embeddable":true,"href":"https:\/\/anariospeluqueria.es\/en\/wp-json\/wp\/v2\/comments?post=2005"}],"wp:featuredmedia":[{"embeddable":true,"href":"https:\/\/anariospeluqueria.es\/en\/wp-json\/wp\/v2\/media\/2004"}],"wp:attachment":[{"href":"https:\/\/anariospeluqueria.es\/en\/wp-json\/wp\/v2\/media?parent=2005"}],"wp:term":[{"taxonomy":"product_cat","embeddable":true,"href":"https:\/\/anariospeluqueria.es\/en\/wp-json\/wp\/v2\/product_cat?post=2005"},{"taxonomy":"product_tag","embeddable":true,"href":"https:\/\/anariospeluqueria.es\/en\/wp-json\/wp\/v2\/product_tag?post=2005"}],"curies":[{"name":"wp","href":"https:\/\/api.w.org\/{rel}","templated":true}]}}