{"id":2206,"date":"2025-10-25T22:47:10","date_gmt":"2025-10-25T20:47:10","guid":{"rendered":"https:\/\/anariospeluqueria.es\/?post_type=product&#038;p=2206"},"modified":"2025-10-25T23:03:49","modified_gmt":"2025-10-25T21:03:49","slug":"cajita-regalo-kevin-y-coco","status":"publish","type":"product","link":"https:\/\/anariospeluqueria.es\/en\/product\/cajita-regalo-kevin-y-coco\/","title":{"rendered":"Kevin and Coco gift box"},"content":{"rendered":"<p>This cute little box can be used to store anything you can think of! Besides being pretty, it&#039;s useful and functional.<\/p>\n<p>A perfect gift for any age.<\/p>","protected":false},"excerpt":{"rendered":"<p>Est\u00e1 monada de cajita la puedes usar para guardar todo lo que se te ocurra!! Adem\u00e1s de bonita es \u00fatil y funcional. Un regalo perfecto para cualquier edad.<\/p>","protected":false},"featured_media":2207,"comment_status":"closed","ping_status":"closed","template":"","meta":{"inline_featured_image":false},"product_cat":[113],"product_tag":[],"class_list":{"0":"post-2206","1":"product","2":"type-product","3":"status-publish","4":"has-post-thumbnail","6":"product_cat-navidad","8":"first","9":"instock","10":"taxable","11":"shipping-taxable","12":"purchasable","13":"product-type-simple"},"_links":{"self":[{"href":"https:\/\/anariospeluqueria.es\/en\/wp-json\/wp\/v2\/product\/2206","targetHints":{"allow":["GET"]}}],"collection":[{"href":"https:\/\/anariospeluqueria.es\/en\/wp-json\/wp\/v2\/product"}],"about":[{"href":"https:\/\/anariospeluqueria.es\/en\/wp-json\/wp\/v2\/types\/product"}],"replies":[{"embeddable":true,"href":"https:\/\/anariospeluqueria.es\/en\/wp-json\/wp\/v2\/comments?post=2206"}],"wp:featuredmedia":[{"embeddable":true,"href":"https:\/\/anariospeluqueria.es\/en\/wp-json\/wp\/v2\/media\/2207"}],"wp:attachment":[{"href":"https:\/\/anariospeluqueria.es\/en\/wp-json\/wp\/v2\/media?parent=2206"}],"wp:term":[{"taxonomy":"product_cat","embeddable":true,"href":"https:\/\/anariospeluqueria.es\/en\/wp-json\/wp\/v2\/product_cat?post=2206"},{"taxonomy":"product_tag","embeddable":true,"href":"https:\/\/anariospeluqueria.es\/en\/wp-json\/wp\/v2\/product_tag?post=2206"}],"curies":[{"name":"wp","href":"https:\/\/api.w.org\/{rel}","templated":true}]}}