{"id":2246,"date":"2025-11-21T00:31:42","date_gmt":"2025-11-20T23:31:42","guid":{"rendered":"https:\/\/anariospeluqueria.es\/?post_type=product&#038;p=2246"},"modified":"2025-12-26T22:04:02","modified_gmt":"2025-12-26T21:04:02","slug":"crema-facial-efecto-glow-ziaja-cb3","status":"publish","type":"product","link":"https:\/\/anariospeluqueria.es\/en\/product\/crema-facial-efecto-glow-ziaja-cb3\/","title":{"rendered":"Ziaja CB3 Glow Effect Face Cream"},"content":{"rendered":"<p>&nbsp;<\/p>\n<p>Day face cream for that glow touch, with a light, non-greasy formula that provides medium protection.<\/p>\n<p>&nbsp;<\/p>\n<p>It contains energizing vitamins and a smoothing complex of naturally derived peptides. It hydrates the skin, doesn&#039;t clog pores, and reduces the appearance of blemishes.<\/p>\n<p>&nbsp;<\/p>\n<p>Protects against harmful UV radiation. Evens skin tone and provides immediate radiance.<\/p>\n<p>&nbsp;<\/p>\n<p>It restores the skin&#039;s vitality, leaving it with a youthful and radiant glow.<\/p>\n<p>&nbsp;<\/p>\n<p>Main ingredients: vitamin B3, vitamin B6, vitamin C, vitamin E, rice peptides, vitamin B5, UVA\/UVB filters.<\/p>","protected":false},"excerpt":{"rendered":"<p>&nbsp; Crema facial de d\u00eda para ese toque glow, de f\u00f3rmula ligera, no grasa que proporciona una protecci\u00f3n media. &nbsp; Contiene vitaminas energizantes y un complejo suavizante de p\u00e9ptidos de origen natural. Hidrata la piel, no obstruye los poros y reduce la visibilidad de las imperfecciones. &nbsp; Protege contra la da\u00f1ina radiaci\u00f3n UV. Unifica el [&hellip;]<\/p>","protected":false},"featured_media":2247,"comment_status":"closed","ping_status":"closed","template":"","meta":{"inline_featured_image":false},"product_cat":[114],"product_tag":[],"class_list":{"0":"post-2246","1":"product","2":"type-product","3":"status-publish","4":"has-post-thumbnail","6":"product_cat-ziaja","8":"first","9":"outofstock","10":"taxable","11":"shipping-taxable","12":"purchasable","13":"product-type-simple"},"_links":{"self":[{"href":"https:\/\/anariospeluqueria.es\/en\/wp-json\/wp\/v2\/product\/2246","targetHints":{"allow":["GET"]}}],"collection":[{"href":"https:\/\/anariospeluqueria.es\/en\/wp-json\/wp\/v2\/product"}],"about":[{"href":"https:\/\/anariospeluqueria.es\/en\/wp-json\/wp\/v2\/types\/product"}],"replies":[{"embeddable":true,"href":"https:\/\/anariospeluqueria.es\/en\/wp-json\/wp\/v2\/comments?post=2246"}],"wp:featuredmedia":[{"embeddable":true,"href":"https:\/\/anariospeluqueria.es\/en\/wp-json\/wp\/v2\/media\/2247"}],"wp:attachment":[{"href":"https:\/\/anariospeluqueria.es\/en\/wp-json\/wp\/v2\/media?parent=2246"}],"wp:term":[{"taxonomy":"product_cat","embeddable":true,"href":"https:\/\/anariospeluqueria.es\/en\/wp-json\/wp\/v2\/product_cat?post=2246"},{"taxonomy":"product_tag","embeddable":true,"href":"https:\/\/anariospeluqueria.es\/en\/wp-json\/wp\/v2\/product_tag?post=2246"}],"curies":[{"name":"wp","href":"https:\/\/api.w.org\/{rel}","templated":true}]}}