{"id":2260,"date":"2025-11-21T01:18:09","date_gmt":"2025-11-21T00:18:09","guid":{"rendered":"https:\/\/anariospeluqueria.es\/?post_type=product&#038;p=2260"},"modified":"2025-12-03T15:04:25","modified_gmt":"2025-12-03T14:04:25","slug":"pack-cuidado-color-medavita","status":"publish","type":"product","link":"https:\/\/anariospeluqueria.es\/en\/product\/pack-cuidado-color-medavita\/","title":{"rendered":"Medavita color care pack"},"content":{"rendered":"<p>Post-coloring shampoo: shampoo that gently cleanses dyed, bleached and highlighted hair.<\/p>\n<p>&nbsp;<\/p>\n<p>Post-coloring conditioner: a lightweight conditioning and detangling emulsion. Ideal for fine hair.<\/p>\n<p>&nbsp;<\/p>\n<p>Instant Post-Color Fluid: This post-color fluid provides instant shine to the hair fiber. In just seconds, it detangles, softens, moisturizes, and controls frizz for immediate shine. Ideal for all hair types.<\/p>","protected":false},"excerpt":{"rendered":"<p>Champ\u00fa post-coloraci\u00f3n: champ\u00fa que limpia suavemente el cabello te\u00f1ido, decolorado y con mechas. &nbsp; Acondicionador post-coloraci\u00f3n: emulsi\u00f3n acondicionadora y desenredante de textura ligera. Ideal para cabello fino. &nbsp; Fluido post-coloraci\u00f3n instant\u00e1neo: fluido post-coloraci\u00f3n que aporta brillo instant\u00e1neo a la fibra capilar. En tan solo unos segundos, desenreda, suaviza, hidrata y controla el encrespamiento para un [&hellip;]<\/p>","protected":false},"featured_media":2262,"comment_status":"closed","ping_status":"closed","template":"","meta":{"inline_featured_image":false},"product_cat":[63],"product_tag":[],"class_list":{"0":"post-2260","1":"product","2":"type-product","3":"status-publish","4":"has-post-thumbnail","6":"product_cat-medavita","8":"first","9":"instock","10":"taxable","11":"shipping-taxable","12":"purchasable","13":"product-type-simple"},"_links":{"self":[{"href":"https:\/\/anariospeluqueria.es\/en\/wp-json\/wp\/v2\/product\/2260","targetHints":{"allow":["GET"]}}],"collection":[{"href":"https:\/\/anariospeluqueria.es\/en\/wp-json\/wp\/v2\/product"}],"about":[{"href":"https:\/\/anariospeluqueria.es\/en\/wp-json\/wp\/v2\/types\/product"}],"replies":[{"embeddable":true,"href":"https:\/\/anariospeluqueria.es\/en\/wp-json\/wp\/v2\/comments?post=2260"}],"wp:featuredmedia":[{"embeddable":true,"href":"https:\/\/anariospeluqueria.es\/en\/wp-json\/wp\/v2\/media\/2262"}],"wp:attachment":[{"href":"https:\/\/anariospeluqueria.es\/en\/wp-json\/wp\/v2\/media?parent=2260"}],"wp:term":[{"taxonomy":"product_cat","embeddable":true,"href":"https:\/\/anariospeluqueria.es\/en\/wp-json\/wp\/v2\/product_cat?post=2260"},{"taxonomy":"product_tag","embeddable":true,"href":"https:\/\/anariospeluqueria.es\/en\/wp-json\/wp\/v2\/product_tag?post=2260"}],"curies":[{"name":"wp","href":"https:\/\/api.w.org\/{rel}","templated":true}]}}