{"id":2302,"date":"2026-02-13T22:23:30","date_gmt":"2026-02-13T21:23:30","guid":{"rendered":"https:\/\/anariospeluqueria.es\/?post_type=product&#038;p=2302"},"modified":"2026-05-04T11:02:43","modified_gmt":"2026-05-04T09:02:43","slug":"body-mist-collection","status":"publish","type":"product","link":"https:\/\/anariospeluqueria.es\/en\/product\/body-mist-collection\/","title":{"rendered":"Body mist collection"},"content":{"rendered":"<p>Your 4 favorite purse-sized perfumes<\/p>\n<p>A special edition for the most discerning<\/p>","protected":false},"excerpt":{"rendered":"<p>Tus 4 perfumes favoritos tama\u00f1o bolso Una edici\u00f3n especial para las m\u00e1s caprichosas<\/p>","protected":false},"featured_media":2303,"comment_status":"closed","ping_status":"closed","template":"","meta":{"inline_featured_image":false},"product_cat":[88],"product_tag":[],"class_list":{"0":"post-2302","1":"product","2":"type-product","3":"status-publish","4":"has-post-thumbnail","6":"product_cat-perfumeria","8":"first","9":"instock","10":"sale","11":"taxable","12":"shipping-taxable","13":"purchasable","14":"product-type-simple"},"_links":{"self":[{"href":"https:\/\/anariospeluqueria.es\/en\/wp-json\/wp\/v2\/product\/2302","targetHints":{"allow":["GET"]}}],"collection":[{"href":"https:\/\/anariospeluqueria.es\/en\/wp-json\/wp\/v2\/product"}],"about":[{"href":"https:\/\/anariospeluqueria.es\/en\/wp-json\/wp\/v2\/types\/product"}],"replies":[{"embeddable":true,"href":"https:\/\/anariospeluqueria.es\/en\/wp-json\/wp\/v2\/comments?post=2302"}],"wp:featuredmedia":[{"embeddable":true,"href":"https:\/\/anariospeluqueria.es\/en\/wp-json\/wp\/v2\/media\/2303"}],"wp:attachment":[{"href":"https:\/\/anariospeluqueria.es\/en\/wp-json\/wp\/v2\/media?parent=2302"}],"wp:term":[{"taxonomy":"product_cat","embeddable":true,"href":"https:\/\/anariospeluqueria.es\/en\/wp-json\/wp\/v2\/product_cat?post=2302"},{"taxonomy":"product_tag","embeddable":true,"href":"https:\/\/anariospeluqueria.es\/en\/wp-json\/wp\/v2\/product_tag?post=2302"}],"curies":[{"name":"wp","href":"https:\/\/api.w.org\/{rel}","templated":true}]}}