{"id":2335,"date":"2026-02-23T22:33:41","date_gmt":"2026-02-23T21:33:41","guid":{"rendered":"https:\/\/anariospeluqueria.es\/?post_type=product&#038;p=2335"},"modified":"2026-02-23T22:43:12","modified_gmt":"2026-02-23T21:43:12","slug":"pack-salerm21-1-boost-1-mascarilla-solidaria","status":"publish","type":"product","link":"https:\/\/anariospeluqueria.es\/en\/product\/pack-salerm21-1-boost-1-mascarilla-solidaria\/","title":{"rendered":"Salerm21 Pack (1 boost + 1 solidarity mask)"},"content":{"rendered":"<hr \/>\n<p>Concentrated hair mask for intense repair. With botulinum effect that strengthens the hair fiber. Acts as an anti-pollution shield and offers thermal protection.<\/p>\n<p><strong>Salerm 21 Boost<\/strong>\u00a0It is a hair mask that offers all the benefits of Salerm 21 in a 5 times more concentrated version.<\/p>\n<ul>\n<li>Maximum repair and protection.<\/li>\n<li>Botulinum effect that strengthens the hair fiber.<\/li>\n<li>Thermal and anti-pollution protection.<\/li>\n<li>Anti-humidity effect for frizz-free hair.<\/li>\n<\/ul>\n<p>Sulfate-free and paraben-free.<\/p>\n<p>It provides intense repair for all hair types, even the most damaged. It also provides thermal protection and acts as an anti-pollution shield. The result is strong, soft, shiny and frizz-free hair.<\/p>\n<p>Application:<\/p>\n<p>After washing, apply the contents of the vial to damp hair. Massage and leave for 5 minutes. Finally, rinse and proceed as usual.<br \/>\nBEAUTY TIPS<\/p>\n<p>AFTER YOUR WASH<br \/>\nFor an intensive repair session, mix the entire contents of one boost with the amount of Salerm21 mask needed for your hair length. Leave on for 15 minutes and rinse thoroughly. Proceed with your usual styling routine.<\/p>\n<p>&nbsp;<\/p>","protected":false},"excerpt":{"rendered":"<p>Mascarilla capilar concentrada para una reparaci\u00f3n intensa. Con efecto botul\u00ednico que fortalece la fibra capilar. Act\u00faa como escudo antipoluci\u00f3n y ofrece protecci\u00f3n t\u00e9rmica. Salerm 21 Boost\u00a0es una mascarilla capilar que ofrece todos los beneficios de Salerm 21 en una versi\u00f3n 5 veces m\u00e1s concentrada. M\u00e1xima reparaci\u00f3n y protecci\u00f3n. Efecto botul\u00ednico que fortalece la fibra capilar. [&hellip;]<\/p>","protected":false},"featured_media":2337,"comment_status":"closed","ping_status":"closed","template":"","meta":{"inline_featured_image":false},"product_cat":[87],"product_tag":[],"class_list":{"0":"post-2335","1":"product","2":"type-product","3":"status-publish","4":"has-post-thumbnail","6":"product_cat-salerm","8":"first","9":"instock","10":"sale","11":"taxable","12":"shipping-taxable","13":"purchasable","14":"product-type-simple"},"_links":{"self":[{"href":"https:\/\/anariospeluqueria.es\/en\/wp-json\/wp\/v2\/product\/2335","targetHints":{"allow":["GET"]}}],"collection":[{"href":"https:\/\/anariospeluqueria.es\/en\/wp-json\/wp\/v2\/product"}],"about":[{"href":"https:\/\/anariospeluqueria.es\/en\/wp-json\/wp\/v2\/types\/product"}],"replies":[{"embeddable":true,"href":"https:\/\/anariospeluqueria.es\/en\/wp-json\/wp\/v2\/comments?post=2335"}],"wp:featuredmedia":[{"embeddable":true,"href":"https:\/\/anariospeluqueria.es\/en\/wp-json\/wp\/v2\/media\/2337"}],"wp:attachment":[{"href":"https:\/\/anariospeluqueria.es\/en\/wp-json\/wp\/v2\/media?parent=2335"}],"wp:term":[{"taxonomy":"product_cat","embeddable":true,"href":"https:\/\/anariospeluqueria.es\/en\/wp-json\/wp\/v2\/product_cat?post=2335"},{"taxonomy":"product_tag","embeddable":true,"href":"https:\/\/anariospeluqueria.es\/en\/wp-json\/wp\/v2\/product_tag?post=2335"}],"curies":[{"name":"wp","href":"https:\/\/api.w.org\/{rel}","templated":true}]}}