{"id":2340,"date":"2026-02-26T01:43:24","date_gmt":"2026-02-26T00:43:24","guid":{"rendered":"https:\/\/anariospeluqueria.es\/?post_type=product&#038;p=2340"},"modified":"2026-03-28T00:14:58","modified_gmt":"2026-03-27T23:14:58","slug":"thermo-defence-keratin-miracle","status":"publish","type":"product","link":"https:\/\/anariospeluqueria.es\/en\/product\/thermo-defence-keratin-miracle\/","title":{"rendered":"Thermo defense keratin miracle"},"content":{"rendered":"<p>Medavita Lunghezze Keratin Miracle Smoothing Thermo Defense Spray 150ml \u2013 thermoprotector<\/p>\n<p>&nbsp;<\/p>\n<p>Heat protectant spray that protects the hair fiber from the effects of heat styling tools.<\/p>\n<p>It seals the cuticle, preserving the hair&#039;s shine, combating humidity and frizz.<\/p>","protected":false},"excerpt":{"rendered":"<p>Medavita Lunghezze Keratin Miracle Smoothing Thermo Defence Spray 150ml &#8211; termoprotector &nbsp; Spray termoprotector que protege la fibra de la acci\u00f3n de herramientas t\u00e9rmicas y de peinado. Sella la cut\u00edcula, preservando el brillo del cabello, combatiendo la humedad y el encrespamiento.<\/p>","protected":false},"featured_media":2341,"comment_status":"closed","ping_status":"closed","template":"","meta":{"inline_featured_image":false},"product_cat":[63],"product_tag":[],"class_list":{"0":"post-2340","1":"product","2":"type-product","3":"status-publish","4":"has-post-thumbnail","6":"product_cat-medavita","8":"first","9":"outofstock","10":"taxable","11":"shipping-taxable","12":"purchasable","13":"product-type-simple"},"_links":{"self":[{"href":"https:\/\/anariospeluqueria.es\/en\/wp-json\/wp\/v2\/product\/2340","targetHints":{"allow":["GET"]}}],"collection":[{"href":"https:\/\/anariospeluqueria.es\/en\/wp-json\/wp\/v2\/product"}],"about":[{"href":"https:\/\/anariospeluqueria.es\/en\/wp-json\/wp\/v2\/types\/product"}],"replies":[{"embeddable":true,"href":"https:\/\/anariospeluqueria.es\/en\/wp-json\/wp\/v2\/comments?post=2340"}],"wp:featuredmedia":[{"embeddable":true,"href":"https:\/\/anariospeluqueria.es\/en\/wp-json\/wp\/v2\/media\/2341"}],"wp:attachment":[{"href":"https:\/\/anariospeluqueria.es\/en\/wp-json\/wp\/v2\/media?parent=2340"}],"wp:term":[{"taxonomy":"product_cat","embeddable":true,"href":"https:\/\/anariospeluqueria.es\/en\/wp-json\/wp\/v2\/product_cat?post=2340"},{"taxonomy":"product_tag","embeddable":true,"href":"https:\/\/anariospeluqueria.es\/en\/wp-json\/wp\/v2\/product_tag?post=2340"}],"curies":[{"name":"wp","href":"https:\/\/api.w.org\/{rel}","templated":true}]}}