{"id":2342,"date":"2026-02-26T01:52:11","date_gmt":"2026-02-26T00:52:11","guid":{"rendered":"https:\/\/anariospeluqueria.es\/?post_type=product&#038;p=2342"},"modified":"2026-02-26T01:52:12","modified_gmt":"2026-02-26T00:52:12","slug":"over-night-rutina-k89","status":"publish","type":"product","link":"https:\/\/anariospeluqueria.es\/en\/product\/over-night-rutina-k89\/","title":{"rendered":"Overnight routine k89"},"content":{"rendered":"<p>Your nighttime hair routine in two steps. Because the best beauty sleep\u2026 is also for your hair!<\/p>\n<p>&nbsp;<\/p>\n<p>&nbsp;<\/p>\n<p>&nbsp;<\/p>\n<p>Night Glow Routine \u2013 To be used every night.<\/p>\n<p>&nbsp;<\/p>\n<p>1- Purifying Hair Cleanser: The first step, no question. Cleans and purifies your hair while you dream.<\/p>\n<p>&nbsp;<\/p>\n<p>\u2013 Shake the product well.<\/p>\n<p>&nbsp;<\/p>\n<p>\u2013 Spray all over dry hair.<\/p>\n<p>&nbsp;<\/p>\n<p>\u2013 Leave it on overnight.<\/p>\n<p>&nbsp;<\/p>\n<p>TIP: It&#039;s always first, whatever your plans are for tomorrow.<\/p>\n<p>&nbsp;<\/p>\n<p>&nbsp;<\/p>\n<p>&nbsp;<\/p>\n<p>2- Lotion Hair Repair: Your nighttime shield of shine &amp; strength. Hydrates, repairs and protects without needing to wash the next day.<\/p>\n<p>&nbsp;<\/p>\n<p>\u2013 Shake the product well.<\/p>\n<p>&nbsp;<\/p>\n<p>\u2013 Spray all over dry hair.<\/p>\n<p>&nbsp;<\/p>\n<p>Comb your hair and\u2026 dream!<\/p>\n<p>&nbsp;<\/p>\n<p>\u2013 It doesn&#039;t need rinsing, it leaves no residue.<\/p>\n<p>&nbsp;<\/p>\n<p>TIP: Perfect for no-wash days. Wake up &amp; go.<\/p>\n<p>&nbsp;<\/p>\n<p>Sleep and do NOT wake up.<\/p>\n<p>&nbsp;<\/p>\n<p>&nbsp;<\/p>\n<p>&nbsp;<\/p>\n<p>Dream Repair Routine \u2013 For nights before washing.<\/p>\n<p>&nbsp;<\/p>\n<p>1- Purifying Hair Cleanser: The first step, no question. Cleans and purifies your hair while you dream.<\/p>\n<p>&nbsp;<\/p>\n<p>\u2013 Shake the product well.<\/p>\n<p>&nbsp;<\/p>\n<p>\u2013 Spray all over dry hair.<\/p>\n<p>&nbsp;<\/p>\n<p>\u2013 Leave it on overnight.<\/p>\n<p>&nbsp;<\/p>\n<p>TIP: It&#039;s always first, no matter what your plans are for tomorrow.<\/p>\n<p>&nbsp;<\/p>\n<p>&nbsp;<\/p>\n<p>&nbsp;<\/p>\n<p>2- Intensive Hair Repair: The pre-shampoo nourishing treatment. Your hair will be softer, stronger, and more hydrated from the first night.<\/p>\n<p>&nbsp;<\/p>\n<p>\u2013 Apply from mid-lengths to ends.<\/p>\n<p>&nbsp;<\/p>\n<p>\u2013 Leave it on overnight.<\/p>\n<p>&nbsp;<\/p>\n<p>\u2013 Upon waking, wash as usual.<\/p>\n<p>&nbsp;<\/p>\n<p>TIP: Only when you wash your hair the next day. Your nightly spa.<\/p>\n<p>&nbsp;<\/p>\n<p>Sleep and wake up.<\/p>\n<p>&nbsp;<\/p>\n<p>&nbsp;<\/p>\n<p>&nbsp;<\/p>\n<p>Format: 3 x 250ml<\/p>","protected":false},"excerpt":{"rendered":"<p>Tu rutina capilar nocturna en dos pasos. Porque el mejor beauty sleep&#8230; \u00a1tambi\u00e9n es para tu cabello! &nbsp; &nbsp; &nbsp; Night Glow Routine &#8211; Para usar cada noche. &nbsp; 1- Purifying Hair Cleanser: El primer paso s\u00ed o s\u00ed. Limpia y purifica el cabello mientras sue\u00f1as. &nbsp; &#8211; Agita bien el producto. &nbsp; &#8211; Pulveriza [&hellip;]<\/p>","protected":false},"featured_media":2343,"comment_status":"closed","ping_status":"closed","template":"","meta":{"inline_featured_image":false},"product_cat":[70],"product_tag":[],"class_list":{"0":"post-2342","1":"product","2":"type-product","3":"status-publish","4":"has-post-thumbnail","6":"product_cat-k89","8":"first","9":"instock","10":"sale","11":"taxable","12":"shipping-taxable","13":"purchasable","14":"product-type-simple"},"_links":{"self":[{"href":"https:\/\/anariospeluqueria.es\/en\/wp-json\/wp\/v2\/product\/2342","targetHints":{"allow":["GET"]}}],"collection":[{"href":"https:\/\/anariospeluqueria.es\/en\/wp-json\/wp\/v2\/product"}],"about":[{"href":"https:\/\/anariospeluqueria.es\/en\/wp-json\/wp\/v2\/types\/product"}],"replies":[{"embeddable":true,"href":"https:\/\/anariospeluqueria.es\/en\/wp-json\/wp\/v2\/comments?post=2342"}],"wp:featuredmedia":[{"embeddable":true,"href":"https:\/\/anariospeluqueria.es\/en\/wp-json\/wp\/v2\/media\/2343"}],"wp:attachment":[{"href":"https:\/\/anariospeluqueria.es\/en\/wp-json\/wp\/v2\/media?parent=2342"}],"wp:term":[{"taxonomy":"product_cat","embeddable":true,"href":"https:\/\/anariospeluqueria.es\/en\/wp-json\/wp\/v2\/product_cat?post=2342"},{"taxonomy":"product_tag","embeddable":true,"href":"https:\/\/anariospeluqueria.es\/en\/wp-json\/wp\/v2\/product_tag?post=2342"}],"curies":[{"name":"wp","href":"https:\/\/api.w.org\/{rel}","templated":true}]}}