{"id":2344,"date":"2026-02-26T01:57:02","date_gmt":"2026-02-26T00:57:02","guid":{"rendered":"https:\/\/anariospeluqueria.es\/?post_type=product&#038;p=2344"},"modified":"2026-03-28T00:14:36","modified_gmt":"2026-03-27T23:14:36","slug":"serum-hidratante-k89","status":"publish","type":"product","link":"https:\/\/anariospeluqueria.es\/en\/product\/serum-hidratante-k89\/","title":{"rendered":"k89 Hydrating Serum"},"content":{"rendered":"<p>Deep hydrating serum that locks in the moisture your hair needs. Enriched with grapeseed oil.<\/p>\n<p>&nbsp;<\/p>\n<p>&nbsp;<\/p>\n<p>ACTIVE INGREDIENTS:<\/p>\n<p>Grape seed oil: restores hydration levels, providing shine and luminosity.<\/p>\n<p>&nbsp;<\/p>\n<p>Hyaluronic Acid: Increases the level of hydration, plumping and improving the appearance of the hair.<\/p>\n<p>&nbsp;<\/p>\n<p>&nbsp;<\/p>\n<p>&nbsp;<\/p>\n<p>CHARACTERISTICS:<\/p>\n<p>&nbsp;<\/p>\n<p>Intensely moisturizing without weighing down hair.<\/p>\n<p>&nbsp;<\/p>\n<p>Restores hydration levels, leaving hair shiny, strong and healthy.<\/p>\n<p>&nbsp;<\/p>\n<p>In curly and wavy hair, it improves elasticity.<\/p>\n<p>&nbsp;<\/p>\n<p>&nbsp;<\/p>\n<p>&nbsp;<\/p>\n<p>SUITABLE FOR:<\/p>\n<p>&nbsp;<\/p>\n<p>Dry hair<\/p>\n<p>&nbsp;<\/p>\n<p>Dehydrated hair<\/p>\n<p>&nbsp;<\/p>\n<p>Matte hair<\/p>\n<p>&nbsp;<\/p>\n<p>Stressed hair<\/p>\n<p>&nbsp;<\/p>\n<p>Frizzy hair<\/p>\n<p>&nbsp;<\/p>\n<p>&nbsp;<\/p>\n<p>&nbsp;<\/p>\n<p>HOW TO USE:<\/p>\n<p>&nbsp;<\/p>\n<p>Use on damp or dry hair by applying a small amount to your fingertips and distributing evenly from mid-lengths to ends.<\/p>\n<p>&nbsp;<\/p>\n<p>&nbsp;<\/p>\n<p>&nbsp;<\/p>\n<p>&nbsp;<\/p>\n<p>100ml format<\/p>","protected":false},"excerpt":{"rendered":"<p>Serum de hidrataci\u00f3n profunda que retiene el agua que tu cabello necesita. Enriquecido con aceite de pepita de uva. &nbsp; &nbsp; PRINCIPIOS ACTIVOS: Aceite de pepita de uva: restablece los niveles de hidrataci\u00f3n aportando brillo y luminosidad. &nbsp; \u00c1cido Hialur\u00f3nico: Aumenta el nivel de hidrataci\u00f3n, rellenando y mejorado el aspecto del cabello. &nbsp; &nbsp; &nbsp; [&hellip;]<\/p>","protected":false},"featured_media":2345,"comment_status":"closed","ping_status":"closed","template":"","meta":{"inline_featured_image":false},"product_cat":[70],"product_tag":[],"class_list":{"0":"post-2344","1":"product","2":"type-product","3":"status-publish","4":"has-post-thumbnail","6":"product_cat-k89","8":"first","9":"instock","10":"taxable","11":"shipping-taxable","12":"purchasable","13":"product-type-simple"},"_links":{"self":[{"href":"https:\/\/anariospeluqueria.es\/en\/wp-json\/wp\/v2\/product\/2344","targetHints":{"allow":["GET"]}}],"collection":[{"href":"https:\/\/anariospeluqueria.es\/en\/wp-json\/wp\/v2\/product"}],"about":[{"href":"https:\/\/anariospeluqueria.es\/en\/wp-json\/wp\/v2\/types\/product"}],"replies":[{"embeddable":true,"href":"https:\/\/anariospeluqueria.es\/en\/wp-json\/wp\/v2\/comments?post=2344"}],"wp:featuredmedia":[{"embeddable":true,"href":"https:\/\/anariospeluqueria.es\/en\/wp-json\/wp\/v2\/media\/2345"}],"wp:attachment":[{"href":"https:\/\/anariospeluqueria.es\/en\/wp-json\/wp\/v2\/media?parent=2344"}],"wp:term":[{"taxonomy":"product_cat","embeddable":true,"href":"https:\/\/anariospeluqueria.es\/en\/wp-json\/wp\/v2\/product_cat?post=2344"},{"taxonomy":"product_tag","embeddable":true,"href":"https:\/\/anariospeluqueria.es\/en\/wp-json\/wp\/v2\/product_tag?post=2344"}],"curies":[{"name":"wp","href":"https:\/\/api.w.org\/{rel}","templated":true}]}}