{"id":2346,"date":"2026-02-26T01:59:14","date_gmt":"2026-02-26T00:59:14","guid":{"rendered":"https:\/\/anariospeluqueria.es\/?post_type=product&#038;p=2346"},"modified":"2026-03-28T00:14:22","modified_gmt":"2026-03-27T23:14:22","slug":"serum-reparador-k89","status":"publish","type":"product","link":"https:\/\/anariospeluqueria.es\/en\/product\/serum-reparador-k89\/","title":{"rendered":"k89 Repair Serum"},"content":{"rendered":"<p style=\"font-weight: 400;\">A serum that deeply nourishes, filling and rebuilding the hair fiber. It repairs and strengthens hair damaged by excessive chemical treatments or heat styling.<\/p>\n<p style=\"font-weight: 400;\"><strong style=\"font-weight: 500;\">ACTIVE INGREDIENTS:<\/strong><\/p>\n<p style=\"font-weight: 400;\">Keravis: A protein complex that penetrates the hair cortex, generating strength from within while protecting the hair by creating a film over it. These properties combine to strengthen the hair and reduce damage.<\/p>\n<p style=\"font-weight: 400;\"><strong style=\"font-weight: 500;\">CHARACTERISTICS:<\/strong><\/p>\n<p style=\"font-weight: 400;\">Intensive repair.<\/p>\n<p style=\"font-weight: 400;\">Regenerates, fills and rebuilds.<\/p>\n<p style=\"font-weight: 400;\">Improves hair elasticity and density.<\/p>\n<p style=\"font-weight: 400;\">Deeply moisturizes and softens.<\/p>\n<p style=\"font-weight: 400;\"><strong style=\"font-weight: 500;\">SUITABLE FOR:\u00a0<\/strong><\/p>\n<p style=\"font-weight: 400;\">Damaged hair<\/p>\n<p style=\"font-weight: 400;\">Damaged hair<\/p>\n<p style=\"font-weight: 400;\">Hair with highlights<\/p>\n<p style=\"font-weight: 400;\">Bleached hair<\/p>\n<p style=\"font-weight: 400;\">\n<p style=\"font-weight: 400;\"><strong style=\"font-weight: 500;\">HOW TO USE:<\/strong><\/p>\n<p style=\"font-weight: 400;\">Use on damp or dry hair by applying a small amount to your fingertips and distributing evenly from mid-lengths to ends.<\/p>\n<ol>\n<li style=\"font-weight: 400;\">100ml format<\/li>\n<\/ol>","protected":false},"excerpt":{"rendered":"<p>Serum que nutre en profundidad rellenando y reconstruyendo la fibra capilar. Repara y fortalece el cabello da\u00f1ado por excesos qu\u00edmicos o uso excesivo del calor. PRINCIPIOS ACTIVOS: Keravis: Complejo de prote\u00ednas que penetran en la corteza del cabello generando fuerza desde el interior a la vez que protege el cabello creando una pel\u00edcula sobre \u00e9l. [&hellip;]<\/p>","protected":false},"featured_media":2347,"comment_status":"closed","ping_status":"closed","template":"","meta":{"inline_featured_image":false},"product_cat":[70],"product_tag":[],"class_list":{"0":"post-2346","1":"product","2":"type-product","3":"status-publish","4":"has-post-thumbnail","6":"product_cat-k89","8":"first","9":"instock","10":"taxable","11":"shipping-taxable","12":"purchasable","13":"product-type-simple"},"_links":{"self":[{"href":"https:\/\/anariospeluqueria.es\/en\/wp-json\/wp\/v2\/product\/2346","targetHints":{"allow":["GET"]}}],"collection":[{"href":"https:\/\/anariospeluqueria.es\/en\/wp-json\/wp\/v2\/product"}],"about":[{"href":"https:\/\/anariospeluqueria.es\/en\/wp-json\/wp\/v2\/types\/product"}],"replies":[{"embeddable":true,"href":"https:\/\/anariospeluqueria.es\/en\/wp-json\/wp\/v2\/comments?post=2346"}],"wp:featuredmedia":[{"embeddable":true,"href":"https:\/\/anariospeluqueria.es\/en\/wp-json\/wp\/v2\/media\/2347"}],"wp:attachment":[{"href":"https:\/\/anariospeluqueria.es\/en\/wp-json\/wp\/v2\/media?parent=2346"}],"wp:term":[{"taxonomy":"product_cat","embeddable":true,"href":"https:\/\/anariospeluqueria.es\/en\/wp-json\/wp\/v2\/product_cat?post=2346"},{"taxonomy":"product_tag","embeddable":true,"href":"https:\/\/anariospeluqueria.es\/en\/wp-json\/wp\/v2\/product_tag?post=2346"}],"curies":[{"name":"wp","href":"https:\/\/api.w.org\/{rel}","templated":true}]}}