{"id":2348,"date":"2026-02-26T02:01:29","date_gmt":"2026-02-26T01:01:29","guid":{"rendered":"https:\/\/anariospeluqueria.es\/?post_type=product&#038;p=2348"},"modified":"2026-04-22T13:43:35","modified_gmt":"2026-04-22T11:43:35","slug":"serum-restore-k89","status":"publish","type":"product","link":"https:\/\/anariospeluqueria.es\/en\/product\/serum-restore-k89\/","title":{"rendered":"K89 Restore Serum"},"content":{"rendered":"<p>Hair restructuring serum. Restores and strengthens hair, enriched with hydrolyzed keratin.<\/p>\n<p><b>ACTIVE INGREDIENTS:<\/b><\/p>\n<p>Hydrolyzed Keratin: Restores and conditions hair.<\/p>\n<p>Silk Proteins: Provides shine and softness, creating a protective film that prevents hair damage.<\/p>\n<p><b>CHARACTERISTICS:<\/b><\/p>\n<p>Intensely restructures hair.<\/p>\n<p>Fills and reconstructs the hair fiber.<\/p>\n<p>Deeply hydrates and conditions.<\/p>\n<p>It adds shine to the hair.<\/p>\n<p>It does not add weight.<\/p>\n<p><b>SUITABLE FOR:<\/b><\/p>\n<p>Damaged hair<\/p>\n<p>Dry hair<\/p>\n<p>Hair with highlights<\/p>\n<p>Colored hair<\/p>\n<p><b>HOW TO USE:<\/b><\/p>\n<p>Use on damp or dry hair by applying a small amount to your fingertips and distributing evenly from mid-lengths to ends.<\/p>\n<p>Format: 100ml<\/p>","protected":false},"excerpt":{"rendered":"<p>Serum de reestructuraci\u00f3n del cabello. Restaura y fortalece el cabello, enriquecido con Queratina Hidrolizada. PRINCIPIOS ACTIVOS: Queratina Hidrolizada: Restaura y acondiciona el cabello. Prote\u00ednas de Seda: Aporta brillo y suavidad, creando una pel\u00edcula protectora que impide que se da\u00f1e el cabello. CARACTER\u00cdSTICAS: Reestructura el cabello intensamente. Rellena y reconstruye la fibra capilar. Hidrata y acondiciona [&hellip;]<\/p>","protected":false},"featured_media":2349,"comment_status":"closed","ping_status":"closed","template":"","meta":{"inline_featured_image":false},"product_cat":[70],"product_tag":[],"class_list":{"0":"post-2348","1":"product","2":"type-product","3":"status-publish","4":"has-post-thumbnail","6":"product_cat-k89","8":"first","9":"instock","10":"taxable","11":"shipping-taxable","12":"purchasable","13":"product-type-simple"},"_links":{"self":[{"href":"https:\/\/anariospeluqueria.es\/en\/wp-json\/wp\/v2\/product\/2348","targetHints":{"allow":["GET"]}}],"collection":[{"href":"https:\/\/anariospeluqueria.es\/en\/wp-json\/wp\/v2\/product"}],"about":[{"href":"https:\/\/anariospeluqueria.es\/en\/wp-json\/wp\/v2\/types\/product"}],"replies":[{"embeddable":true,"href":"https:\/\/anariospeluqueria.es\/en\/wp-json\/wp\/v2\/comments?post=2348"}],"wp:featuredmedia":[{"embeddable":true,"href":"https:\/\/anariospeluqueria.es\/en\/wp-json\/wp\/v2\/media\/2349"}],"wp:attachment":[{"href":"https:\/\/anariospeluqueria.es\/en\/wp-json\/wp\/v2\/media?parent=2348"}],"wp:term":[{"taxonomy":"product_cat","embeddable":true,"href":"https:\/\/anariospeluqueria.es\/en\/wp-json\/wp\/v2\/product_cat?post=2348"},{"taxonomy":"product_tag","embeddable":true,"href":"https:\/\/anariospeluqueria.es\/en\/wp-json\/wp\/v2\/product_tag?post=2348"}],"curies":[{"name":"wp","href":"https:\/\/api.w.org\/{rel}","templated":true}]}}