{"id":2362,"date":"2026-04-01T02:12:21","date_gmt":"2026-04-01T00:12:21","guid":{"rendered":"https:\/\/anariospeluqueria.es\/?post_type=product&#038;p=2362"},"modified":"2026-05-07T13:15:17","modified_gmt":"2026-05-07T11:15:17","slug":"pack-solar-medavita-color-mostaza","status":"publish","type":"product","link":"https:\/\/anariospeluqueria.es\/en\/product\/pack-solar-medavita-color-mostaza\/","title":{"rendered":"Mustard medavita solar pack"},"content":{"rendered":"<p>Complete sun care line suitable for all hair types<\/p>\n<p>&nbsp;<\/p>\n<p>400ml Shampoo<\/p>\n<p>&nbsp;<\/p>\n<p>Aftersun Mask 150 ml<\/p>\n<p>&nbsp;<\/p>\n<p>Hair sunscreen spray 150 ml<\/p>\n<p>&nbsp;<\/p>\n<p>&nbsp;<\/p>\n<p>&nbsp;<\/p>\n<p>&nbsp;<\/p>\n<p>Plus, this year you&#039;ll get a free bag to carry your sun care routines in style! \ud83d\ude0d<\/p>","protected":false},"excerpt":{"rendered":"<p>Linea solar completa apta para todo tipo de cabellos &nbsp; Champ\u00fa de 400ml &nbsp; Mascarilla aftersun 150 ml &nbsp; Spray protector solar capilar 150 ml &nbsp; &nbsp; &nbsp; &nbsp; Adem\u00e1s este a\u00f1o con te llevas de regalo un bolso para llevar tus rutinas solares con estilo\ud83d\ude0d<\/p>","protected":false},"featured_media":2359,"comment_status":"closed","ping_status":"closed","template":"","meta":{"inline_featured_image":false},"product_cat":[63],"product_tag":[118],"class_list":{"0":"post-2362","1":"product","2":"type-product","3":"status-publish","4":"has-post-thumbnail","6":"product_cat-medavita","7":"product_tag-pack-solar","9":"first","10":"outofstock","11":"sale","12":"taxable","13":"shipping-taxable","14":"purchasable","15":"product-type-simple"},"_links":{"self":[{"href":"https:\/\/anariospeluqueria.es\/en\/wp-json\/wp\/v2\/product\/2362","targetHints":{"allow":["GET"]}}],"collection":[{"href":"https:\/\/anariospeluqueria.es\/en\/wp-json\/wp\/v2\/product"}],"about":[{"href":"https:\/\/anariospeluqueria.es\/en\/wp-json\/wp\/v2\/types\/product"}],"replies":[{"embeddable":true,"href":"https:\/\/anariospeluqueria.es\/en\/wp-json\/wp\/v2\/comments?post=2362"}],"wp:featuredmedia":[{"embeddable":true,"href":"https:\/\/anariospeluqueria.es\/en\/wp-json\/wp\/v2\/media\/2359"}],"wp:attachment":[{"href":"https:\/\/anariospeluqueria.es\/en\/wp-json\/wp\/v2\/media?parent=2362"}],"wp:term":[{"taxonomy":"product_cat","embeddable":true,"href":"https:\/\/anariospeluqueria.es\/en\/wp-json\/wp\/v2\/product_cat?post=2362"},{"taxonomy":"product_tag","embeddable":true,"href":"https:\/\/anariospeluqueria.es\/en\/wp-json\/wp\/v2\/product_tag?post=2362"}],"curies":[{"name":"wp","href":"https:\/\/api.w.org\/{rel}","templated":true}]}}