{"id":2363,"date":"2026-04-01T02:13:45","date_gmt":"2026-04-01T00:13:45","guid":{"rendered":"https:\/\/anariospeluqueria.es\/?post_type=product&#038;p=2363"},"modified":"2026-05-08T15:40:02","modified_gmt":"2026-05-08T13:40:02","slug":"pack-solar-medavita-color-azul","status":"publish","type":"product","link":"https:\/\/anariospeluqueria.es\/en\/product\/pack-solar-medavita-color-azul\/","title":{"rendered":"Medavita blue solar pack"},"content":{"rendered":"<p>Complete sun care line suitable for all hair types<\/p>\n<p>400ml Shampoo<\/p>\n<p>Aftersun Mask 150 ml<\/p>\n<p>Hair sunscreen spray 150 ml<\/p>\n<p>&nbsp;<\/p>\n<p>Plus, this year you&#039;ll get a free bag to carry your sun care routines in style! \ud83d\ude0d<\/p>","protected":false},"excerpt":{"rendered":"<p>Linea solar completa apta para todo tipo de cabellos Champ\u00fa de 400ml Mascarilla aftersun 150 ml Spray protector solar capilar 150 ml &nbsp; Adem\u00e1s este a\u00f1o con te llevas de regalo un bolso para llevar tus rutinas solares con estilo\ud83d\ude0d<\/p>","protected":false},"featured_media":2360,"comment_status":"closed","ping_status":"closed","template":"","meta":{"inline_featured_image":false},"product_cat":[63],"product_tag":[118],"class_list":{"0":"post-2363","1":"product","2":"type-product","3":"status-publish","4":"has-post-thumbnail","6":"product_cat-medavita","7":"product_tag-pack-solar","9":"first","10":"outofstock","11":"sale","12":"taxable","13":"shipping-taxable","14":"purchasable","15":"product-type-simple"},"_links":{"self":[{"href":"https:\/\/anariospeluqueria.es\/en\/wp-json\/wp\/v2\/product\/2363","targetHints":{"allow":["GET"]}}],"collection":[{"href":"https:\/\/anariospeluqueria.es\/en\/wp-json\/wp\/v2\/product"}],"about":[{"href":"https:\/\/anariospeluqueria.es\/en\/wp-json\/wp\/v2\/types\/product"}],"replies":[{"embeddable":true,"href":"https:\/\/anariospeluqueria.es\/en\/wp-json\/wp\/v2\/comments?post=2363"}],"wp:featuredmedia":[{"embeddable":true,"href":"https:\/\/anariospeluqueria.es\/en\/wp-json\/wp\/v2\/media\/2360"}],"wp:attachment":[{"href":"https:\/\/anariospeluqueria.es\/en\/wp-json\/wp\/v2\/media?parent=2363"}],"wp:term":[{"taxonomy":"product_cat","embeddable":true,"href":"https:\/\/anariospeluqueria.es\/en\/wp-json\/wp\/v2\/product_cat?post=2363"},{"taxonomy":"product_tag","embeddable":true,"href":"https:\/\/anariospeluqueria.es\/en\/wp-json\/wp\/v2\/product_tag?post=2363"}],"curies":[{"name":"wp","href":"https:\/\/api.w.org\/{rel}","templated":true}]}}